{"id":1659,"date":"2025-05-04T19:47:49","date_gmt":"2025-05-04T17:47:49","guid":{"rendered":"https:\/\/fabrykakonstrukcji.pl\/?page_id=1659"},"modified":"2025-06-12T10:04:00","modified_gmt":"2025-06-12T08:04:00","slug":"digitalizacja-szablonow","status":"publish","type":"page","link":"http:\/\/studiokonstrukcji.com\/en\/digitalizacja-szablonow\/","title":{"rendered":"Pattern Digitization"},"content":{"rendered":"<div data-elementor-type=\"wp-page\" data-elementor-id=\"1659\" class=\"elementor elementor-1659\">\n\t\t\t\t<div class=\"elementor-element elementor-element-40795e7a e-flex e-con-boxed e-con e-parent\" data-id=\"40795e7a\" data-element_type=\"container\" data-e-type=\"container\" data-settings=\"{&quot;background_background&quot;:&quot;classic&quot;}\">\n\t\t\t\t\t<div class=\"e-con-inner\">\n\t\t<div class=\"elementor-element elementor-element-74a3037c e-con-full e-flex e-con e-child\" data-id=\"74a3037c\" data-element_type=\"container\" data-e-type=\"container\">\n\t\t\t\t<div class=\"elementor-element elementor-element-24e12e43 elementor-widget__width-inherit elementor-absolute elementor-widget elementor-widget-heading\" data-id=\"24e12e43\" data-element_type=\"widget\" data-e-type=\"widget\" data-settings=\"{&quot;_position&quot;:&quot;absolute&quot;}\" data-widget_type=\"heading.default\">\n\t\t\t\t<div class=\"elementor-widget-container\">\n\t\t\t\t\t<h2 class=\"elementor-heading-title elementor-size-default\">Pattern Digitization\n<\/h2>\t\t\t\t<\/div>\n\t\t\t\t<\/div>\n\t\t\t\t<\/div>\n\t\t\t\t\t<\/div>\n\t\t\t\t<\/div>\n\t\t<div class=\"elementor-element elementor-element-caafdf4 e-flex e-con-boxed e-con e-parent\" data-id=\"caafdf4\" data-element_type=\"container\" data-e-type=\"container\">\n\t\t\t\t\t<div class=\"e-con-inner\">\n\t\t<div class=\"elementor-element elementor-element-287db1d6 e-con-full e-flex e-con e-child\" data-id=\"287db1d6\" data-element_type=\"container\" data-e-type=\"container\">\n\t\t\t\t<div class=\"elementor-element elementor-element-d918c96 elementor-widget elementor-widget-text-editor\" data-id=\"d918c96\" data-element_type=\"widget\" data-e-type=\"widget\" data-widget_type=\"text-editor.default\">\n\t\t\t\t<div class=\"elementor-widget-container\">\n\t\t\t\t\t\t\t\t\t<div class=\"elementor-element elementor-element-271e1048 elementor-widget elementor-widget-text-editor\" data-id=\"271e1048\" data-element_type=\"widget\" data-widget_type=\"text-editor.default\"><div class=\"elementor-widget-container\"><p class=\"translation-block\">If you have ready-made patterns in paper form and would like to transfer them into a computer program or use them as a basis for creating new models, I offer a pattern digitization service.<\/p><\/div><\/div><div class=\"elementor-element elementor-element-0c31a19 elementor-widget elementor-widget-text-editor\" data-id=\"0c31a19\" data-element_type=\"widget\" data-widget_type=\"text-editor.default\"><div class=\"elementor-widget-container\"><p>Digitizing sewing patterns involves entering the design parameters into specialized software while preserving all existing shapes and elements. As a result, you receive a digital version of your patterns, which can be easily modified\u2014such as for grading, modeling, or archiving.<\/p><\/div><\/div>\t\t\t\t\t\t\t\t<\/div>\n\t\t\t\t<\/div>\n\t\t\t\t<\/div>\n\t\t<div class=\"elementor-element elementor-element-27dcc467 e-con-full e-flex e-con e-child\" data-id=\"27dcc467\" data-element_type=\"container\" data-e-type=\"container\">\n\t\t\t\t<div class=\"elementor-element elementor-element-5a11c3a5 elementor-widget__width-initial elementor-widget elementor-widget-image\" data-id=\"5a11c3a5\" data-element_type=\"widget\" data-e-type=\"widget\" data-widget_type=\"image.default\">\n\t\t\t\t<div class=\"elementor-widget-container\">\n\t\t\t\t\t\t\t\t\t\t\t\t\t\t\t<img fetchpriority=\"high\" decoding=\"async\" width=\"613\" height=\"503\" src=\"https:\/\/studiokonstrukcji.com\/wp-content\/uploads\/2025\/05\/djecie-digitalizacja.png\" class=\"attachment-medium_large size-medium_large wp-image-2661\" alt=\"\" srcset=\"https:\/\/studiokonstrukcji.com\/wp-content\/uploads\/2025\/05\/djecie-digitalizacja.png 613w, https:\/\/studiokonstrukcji.com\/wp-content\/uploads\/2025\/05\/djecie-digitalizacja-300x246.png 300w\" sizes=\"(max-width: 613px) 100vw, 613px\" \/>\t\t\t\t\t\t\t\t\t\t\t\t\t\t\t<\/div>\n\t\t\t\t<\/div>\n\t\t\t\t<\/div>\n\t\t\t\t\t<\/div>\n\t\t\t\t<\/div>\n\t\t<div class=\"elementor-element elementor-element-308df8c6 e-flex e-con-boxed e-con e-parent\" data-id=\"308df8c6\" data-element_type=\"container\" data-e-type=\"container\">\n\t\t\t\t\t<div class=\"e-con-inner\">\n\t\t\t\t<div class=\"elementor-element elementor-element-3a5d2495 elementor-widget-divider--view-line elementor-widget elementor-widget-divider\" data-id=\"3a5d2495\" data-element_type=\"widget\" data-e-type=\"widget\" data-widget_type=\"divider.default\">\n\t\t\t\t<div class=\"elementor-widget-container\">\n\t\t\t\t\t\t\t<div class=\"elementor-divider\">\n\t\t\t<span class=\"elementor-divider-separator\">\n\t\t\t\t\t\t<\/span>\n\t\t<\/div>\n\t\t\t\t\t\t<\/div>\n\t\t\t\t<\/div>\n\t\t\t\t\t<\/div>\n\t\t\t\t<\/div>\n\t\t<div class=\"elementor-element elementor-element-4277aa5c e-grid e-con-boxed e-con e-parent\" data-id=\"4277aa5c\" data-element_type=\"container\" data-e-type=\"container\">\n\t\t\t\t\t<div class=\"e-con-inner\">\n\t\t\t\t<div class=\"elementor-element elementor-element-3e1d14f7 elementor-view-default elementor-position-block-start elementor-mobile-position-block-start elementor-widget elementor-widget-icon-box\" data-id=\"3e1d14f7\" data-element_type=\"widget\" data-e-type=\"widget\" data-widget_type=\"icon-box.default\">\n\t\t\t\t<div class=\"elementor-widget-container\">\n\t\t\t\t\t\t\t<div class=\"elementor-icon-box-wrapper\">\n\n\t\t\t\t\t\t<div class=\"elementor-icon-box-icon\">\n\t\t\t\t<span  class=\"elementor-icon elementor-animation-grow\">\n\t\t\t\t<svg xmlns=\"http:\/\/www.w3.org\/2000\/svg\" xmlns:xlink=\"http:\/\/www.w3.org\/1999\/xlink\" width=\"109\" zoomandpan=\"magnify\" viewbox=\"0 0 81.75 62.249996\" height=\"83\" preserveaspectratio=\"xMidYMid meet\"><defs><clippath id=\"711e0e1a4f\"><path d=\"M 0.363281 0 L 57 0 L 57 60.769531 L 0.363281 60.769531 Z M 0.363281 0 \" clip-rule=\"nonzero\"><\/path><\/clippath><clippath id=\"7c8c3c6ccf\"><path d=\"M 24 10 L 80.398438 10 L 80.398438 60.769531 L 24 60.769531 Z M 24 10 \" clip-rule=\"nonzero\"><\/path><\/clippath><\/defs><g clip-path=\"url(#711e0e1a4f)\"><path fill=\"#af8b5a\" d=\"M 28.421875 3.25 C 30.378906 3.644531 32.292969 3.835938 34.320312 3.820312 C 36.335938 3.835938 38.242188 3.644531 40.191406 3.25 C 39.644531 7.515625 36.875 9.566406 34.304688 9.601562 C 31.738281 9.566406 28.96875 7.511719 28.421875 3.25 Z M 41.589844 0.363281 C 41.355469 0.359375 41.121094 0.425781 40.917969 0.542969 C 38.726562 1.097656 36.664062 1.292969 34.273438 1.292969 C 31.882812 1.292969 29.769531 1.09375 27.503906 0.5 C 27.347656 0.4375 27.1875 0.414062 27.027344 0.414062 C 26.84375 0.417969 26.671875 0.460938 26.507812 0.535156 L 19.714844 2.6875 C 15.953125 3.886719 14.03125 5.773438 11.46875 8.128906 L 0.886719 17.863281 C 0.390625 18.320312 0.339844 19.082031 0.761719 19.605469 L 9.167969 29.859375 C 9.628906 30.433594 10.46875 30.492188 11.011719 29.996094 L 14.644531 26.660156 L 14.644531 59.234375 C 14.644531 59.9375 15.21875 60.511719 15.917969 60.511719 L 32.738281 60.511719 C 34.523438 60.601562 34.523438 57.875 32.738281 57.964844 L 17.191406 57.964844 L 17.191406 17.757812 C 17.199219 17.046875 16.617188 16.464844 15.902344 16.46875 C 15.203125 16.480469 14.640625 17.054688 14.644531 17.757812 L 14.644531 23.195312 L 10.285156 27.199219 L 3.496094 18.921875 L 13.1875 10.003906 C 15.78125 7.609375 17.203125 6.164062 20.488281 5.121094 L 25.886719 3.40625 C 26.554688 8.789062 30.316406 12.109375 34.304688 12.109375 C 38.296875 12.109375 42.0625 8.789062 42.726562 3.40625 L 48.121094 5.121094 C 50.722656 5.949219 52.117188 7.003906 53.902344 8.609375 C 55.171875 9.902344 57.027344 7.835938 55.601562 6.714844 C 53.726562 5.03125 51.871094 3.632812 48.898438 2.6875 L 42.300781 0.59375 C 42.09375 0.449219 41.847656 0.371094 41.589844 0.363281 Z M 41.589844 0.363281 \" fill-opacity=\"1\" fill-rule=\"evenodd\"><\/path><\/g><g clip-path=\"url(#7c8c3c6ccf)\"><path fill=\"#af8b5a\" d=\"M 45.625 13.964844 C 46.277344 18.296875 49.378906 20.992188 52.695312 20.992188 C 56.015625 20.992188 59.117188 18.296875 59.769531 13.964844 L 63.917969 15.285156 C 66.5625 16.121094 67.664062 17.265625 69.792969 19.222656 L 77.550781 26.359375 L 72.300781 32.746094 L 68.996094 29.71875 L 68.996094 25.378906 C 69.085938 23.601562 66.359375 23.601562 66.445312 25.378906 L 66.445312 57.964844 L 38.953125 57.964844 L 38.953125 25.378906 C 38.960938 24.664062 38.375 24.074219 37.65625 24.085938 C 36.949219 24.09375 36.386719 24.675781 36.398438 25.378906 L 36.398438 29.707031 L 33.09375 32.746094 L 27.84375 26.347656 L 35.601562 19.214844 C 37.722656 17.261719 38.832031 16.125 41.476562 15.285156 Z M 48.164062 13.820312 C 49.664062 14.101562 51.144531 14.242188 52.703125 14.230469 C 54.253906 14.242188 55.734375 14.101562 57.230469 13.820312 C 56.710938 16.984375 54.605469 18.457031 52.695312 18.484375 C 50.78125 18.457031 48.679688 16.984375 48.164062 13.820312 Z M 58.65625 10.929688 C 58.414062 10.925781 58.175781 10.992188 57.976562 11.109375 C 56.230469 11.546875 54.589844 11.699219 52.664062 11.699219 C 50.738281 11.699219 49.039062 11.542969 47.214844 11.066406 C 47.0625 11.003906 46.902344 10.980469 46.742188 10.980469 C 46.566406 10.984375 46.390625 11.027344 46.226562 11.101562 L 40.707031 12.851562 C 37.585938 13.839844 35.96875 15.417969 33.875 17.347656 L 25.234375 25.289062 C 24.738281 25.746094 24.683594 26.511719 25.117188 27.035156 L 31.972656 35.40625 C 32.441406 35.972656 33.289062 36.027344 33.824219 35.535156 L 36.398438 33.171875 L 36.398438 59.234375 C 36.398438 59.9375 36.964844 60.507812 37.667969 60.507812 L 67.722656 60.511719 C 68.429688 60.511719 68.996094 59.9375 68.996094 59.234375 L 68.996094 33.171875 L 71.570312 35.535156 C 72.105469 36.03125 72.953125 35.972656 73.414062 35.40625 L 80.277344 27.035156 C 80.710938 26.511719 80.65625 25.746094 80.160156 25.289062 L 71.519531 17.347656 C 69.425781 15.417969 67.804688 13.84375 64.683594 12.855469 L 59.375 11.175781 C 59.164062 11.019531 58.910156 10.933594 58.65625 10.929688 Z M 58.65625 10.929688 \" fill-opacity=\"1\" fill-rule=\"evenodd\"><\/path><\/g><\/svg>\t\t\t\t<\/span>\n\t\t\t<\/div>\n\t\t\t\n\t\t\t\t\t\t<div class=\"elementor-icon-box-content\">\n\n\t\t\t\t\t\t\t\t\t<h3 class=\"elementor-icon-box-title\">\n\t\t\t\t\t\t<span  >\n\t\t\t\t\t\t\tPattern Grading\t\t\t\t\t\t<\/span>\n\t\t\t\t\t<\/h3>\n\t\t\t\t\n\t\t\t\t\n\t\t\t<\/div>\n\t\t\t\n\t\t<\/div>\n\t\t\t\t\t\t<\/div>\n\t\t\t\t<\/div>\n\t\t\t\t<div class=\"elementor-element elementor-element-46fc8bb7 elementor-view-default elementor-position-block-start elementor-mobile-position-block-start elementor-widget elementor-widget-icon-box\" data-id=\"46fc8bb7\" data-element_type=\"widget\" data-e-type=\"widget\" data-widget_type=\"icon-box.default\">\n\t\t\t\t<div class=\"elementor-widget-container\">\n\t\t\t\t\t\t\t<div class=\"elementor-icon-box-wrapper\">\n\n\t\t\t\t\t\t<div class=\"elementor-icon-box-icon\">\n\t\t\t\t<span  class=\"elementor-icon elementor-animation-grow\">\n\t\t\t\t<svg xmlns=\"http:\/\/www.w3.org\/2000\/svg\" xmlns:xlink=\"http:\/\/www.w3.org\/1999\/xlink\" width=\"78\" zoomandpan=\"magnify\" viewbox=\"0 0 58.5 58.499999\" height=\"78\" preserveaspectratio=\"xMidYMid meet\"><path fill=\"#af8b5a\" d=\"M 10.59375 21.1875 C 16.109375 21.1875 20.648438 16.949219 21.136719 11.558594 L 31.382812 11.558594 L 29.457031 13.484375 L 30.816406 14.84375 L 34.386719 11.273438 C 34.765625 10.898438 34.765625 10.289062 34.386719 9.914062 L 30.816406 6.34375 L 29.457031 7.703125 L 31.382812 9.628906 L 21.136719 9.628906 C 20.648438 4.238281 16.109375 0 10.59375 0 C 4.753906 0 0 4.753906 0 10.59375 C 0 16.433594 4.753906 21.1875 10.59375 21.1875 Z M 5.128906 17.3125 C 6.191406 15.296875 8.265625 14.019531 10.59375 14.019531 C 12.921875 14.019531 14.996094 15.296875 16.058594 17.3125 C 14.566406 18.53125 12.664062 19.261719 10.59375 19.261719 C 8.523438 19.261719 6.621094 18.53125 5.128906 17.3125 Z M 10.59375 12.09375 C 8.929688 12.09375 7.574219 10.738281 7.574219 9.074219 C 7.574219 7.410156 8.929688 6.054688 10.59375 6.054688 C 12.257812 6.054688 13.613281 7.40625 13.613281 9.074219 C 13.613281 10.738281 12.257812 12.09375 10.59375 12.09375 Z M 10.59375 1.925781 C 15.371094 1.925781 19.261719 5.8125 19.261719 10.59375 C 19.261719 12.582031 18.582031 14.410156 17.449219 15.875 C 16.578125 14.484375 15.316406 13.417969 13.835938 12.777344 C 14.871094 11.871094 15.539062 10.554688 15.539062 9.074219 C 15.539062 6.347656 13.320312 4.128906 10.59375 4.128906 C 7.867188 4.128906 5.648438 6.347656 5.648438 9.074219 C 5.648438 10.554688 6.316406 11.871094 7.351562 12.777344 C 5.871094 13.417969 4.609375 14.484375 3.734375 15.875 C 2.605469 14.410156 1.925781 12.582031 1.925781 10.59375 C 1.925781 5.8125 5.816406 1.925781 10.59375 1.925781 Z M 10.59375 1.925781 \" fill-opacity=\"1\" fill-rule=\"nonzero\"><\/path><path fill=\"#af8b5a\" d=\"M 47.191406 36.597656 C 41.347656 36.597656 36.597656 41.347656 36.597656 47.191406 C 36.597656 53.03125 41.347656 57.785156 47.191406 57.785156 C 53.03125 57.785156 57.785156 53.03125 57.785156 47.191406 C 57.785156 41.347656 53.03125 36.597656 47.191406 36.597656 Z M 47.191406 55.855469 C 42.410156 55.855469 38.523438 51.96875 38.523438 47.191406 C 38.523438 42.410156 42.410156 38.523438 47.191406 38.523438 C 51.96875 38.523438 55.855469 42.410156 55.855469 47.191406 C 55.855469 51.96875 51.96875 55.855469 47.191406 55.855469 Z M 47.191406 55.855469 \" fill-opacity=\"1\" fill-rule=\"nonzero\"><\/path><path fill=\"#af8b5a\" d=\"M 45.746094 48.71875 L 42.855469 45.828125 L 41.496094 47.191406 L 45.0625 50.761719 C 45.253906 50.949219 45.5 51.042969 45.746094 51.042969 C 45.992188 51.042969 46.238281 50.949219 46.425781 50.761719 L 52.886719 44.300781 L 51.523438 42.9375 Z M 45.746094 48.71875 \" fill-opacity=\"1\" fill-rule=\"nonzero\"><\/path><path fill=\"#af8b5a\" d=\"M 51.933594 26.894531 C 53.84375 24.988281 54.894531 22.445312 54.894531 19.742188 C 54.894531 14.636719 51.109375 10.390625 46.140625 9.722656 C 45.726562 7.484375 43.769531 5.777344 41.410156 5.777344 C 38.757812 5.777344 36.597656 7.9375 36.597656 10.59375 C 36.597656 13.25 38.757812 15.410156 41.410156 15.410156 C 43.691406 15.410156 45.601562 13.804688 46.097656 11.660156 C 50.011719 12.292969 52.96875 15.683594 52.96875 19.742188 C 52.96875 21.933594 52.117188 23.988281 50.574219 25.535156 C 49.027344 27.078125 46.972656 27.929688 44.78125 27.929688 L 38.921875 27.929688 L 40.847656 26.003906 L 39.484375 24.640625 L 35.914062 28.210938 C 35.539062 28.585938 35.539062 29.195312 35.914062 29.574219 L 39.484375 33.144531 L 40.847656 31.78125 L 38.921875 29.855469 L 44.78125 29.855469 C 47.488281 29.855469 50.027344 28.804688 51.933594 26.894531 Z M 44.300781 10.597656 C 44.292969 12.1875 42.996094 13.484375 41.410156 13.484375 C 39.816406 13.484375 38.523438 12.1875 38.523438 10.59375 C 38.523438 9 39.816406 7.703125 41.410156 7.703125 C 43.003906 7.703125 44.300781 9 44.300781 10.59375 L 45.265625 10.59375 Z M 44.300781 10.597656 \" fill-opacity=\"1\" fill-rule=\"nonzero\"><\/path><path fill=\"#af8b5a\" d=\"M 4.816406 38.039062 C 4.816406 33.527344 8.488281 29.855469 13 29.855469 L 24.171875 29.855469 C 24.621094 32.050781 26.566406 33.707031 28.890625 33.707031 C 31.546875 33.707031 33.707031 31.546875 33.707031 28.890625 C 33.707031 26.238281 31.546875 24.078125 28.890625 24.078125 C 26.566406 24.078125 24.621094 25.734375 24.171875 27.929688 L 13 27.929688 C 7.425781 27.929688 2.890625 32.464844 2.890625 38.039062 C 2.890625 40.746094 3.941406 43.285156 5.847656 45.191406 C 5.964844 45.308594 6.097656 45.40625 6.21875 45.515625 L 3.707031 46.003906 L 4.074219 47.894531 L 9.027344 46.933594 C 9.550781 46.832031 9.890625 46.324219 9.789062 45.804688 L 8.828125 40.847656 L 6.9375 41.214844 L 7.492188 44.074219 C 7.402344 43.992188 7.296875 43.917969 7.210938 43.832031 C 5.664062 42.285156 4.816406 40.230469 4.816406 38.039062 Z M 28.890625 26.003906 C 30.484375 26.003906 31.78125 27.296875 31.78125 28.890625 C 31.78125 30.484375 30.484375 31.78125 28.890625 31.78125 C 27.296875 31.78125 26.003906 30.484375 26.003906 28.890625 C 26.003906 27.296875 27.296875 26.003906 28.890625 26.003906 Z M 28.890625 26.003906 \" fill-opacity=\"1\" fill-rule=\"nonzero\"><\/path><path fill=\"#af8b5a\" d=\"M 30.816406 51.441406 L 34.386719 47.871094 C 34.765625 47.496094 34.765625 46.886719 34.386719 46.507812 L 30.816406 42.9375 L 29.457031 44.300781 L 31.382812 46.226562 L 21.089844 46.226562 C 20.640625 44.03125 18.695312 42.375 16.371094 42.375 C 13.71875 42.375 11.558594 44.535156 11.558594 47.191406 C 11.558594 49.84375 13.71875 52.003906 16.371094 52.003906 C 18.695312 52.003906 20.640625 50.347656 21.089844 48.152344 L 31.382812 48.152344 L 29.457031 50.078125 Z M 16.371094 50.078125 C 14.777344 50.078125 13.484375 48.78125 13.484375 47.191406 C 13.484375 45.597656 14.777344 44.300781 16.371094 44.300781 C 17.964844 44.300781 19.261719 45.597656 19.261719 47.191406 C 19.261719 48.78125 17.964844 50.078125 16.371094 50.078125 Z M 16.371094 50.078125 \" fill-opacity=\"1\" fill-rule=\"nonzero\"><\/path><\/svg>\t\t\t\t<\/span>\n\t\t\t<\/div>\n\t\t\t\n\t\t\t\t\t\t<div class=\"elementor-icon-box-content\">\n\n\t\t\t\t\t\t\t\t\t<h3 class=\"elementor-icon-box-title\">\n\t\t\t\t\t\t<span  >\n\t\t\t\t\t\t\tPattern Modeling\t\t\t\t\t\t<\/span>\n\t\t\t\t\t<\/h3>\n\t\t\t\t\n\t\t\t\t\n\t\t\t<\/div>\n\t\t\t\n\t\t<\/div>\n\t\t\t\t\t\t<\/div>\n\t\t\t\t<\/div>\n\t\t\t\t<div class=\"elementor-element elementor-element-5c71f7ff elementor-view-default elementor-position-block-start elementor-mobile-position-block-start elementor-widget elementor-widget-icon-box\" data-id=\"5c71f7ff\" data-element_type=\"widget\" data-e-type=\"widget\" data-widget_type=\"icon-box.default\">\n\t\t\t\t<div class=\"elementor-widget-container\">\n\t\t\t\t\t\t\t<div class=\"elementor-icon-box-wrapper\">\n\n\t\t\t\t\t\t<div class=\"elementor-icon-box-icon\">\n\t\t\t\t<span  class=\"elementor-icon elementor-animation-grow\">\n\t\t\t\t<svg xmlns=\"http:\/\/www.w3.org\/2000\/svg\" xmlns:xlink=\"http:\/\/www.w3.org\/1999\/xlink\" width=\"81\" zoomandpan=\"magnify\" viewbox=\"0 0 60.75 49.499998\" height=\"66\" preserveaspectratio=\"xMidYMid meet\"><defs><clippath id=\"e0a7cb3ae3\"><path d=\"M 0.179688 6 L 60 6 L 60 48.261719 L 0.179688 48.261719 Z M 0.179688 6 \" clip-rule=\"nonzero\"><\/path><\/clippath><\/defs><g clip-path=\"url(#e0a7cb3ae3)\"><path fill=\"#af8b5a\" d=\"M 59.21875 15.457031 C 58.75 14.851562 58.144531 14.527344 57.492188 14.527344 L 41.652344 14.527344 C 40.113281 14.527344 39.414062 15.96875 39.132812 16.484375 L 37.316406 20.117188 C 37.222656 20.117188 37.085938 20.117188 36.992188 20.117188 C 36.851562 20.117188 36.757812 20.117188 36.617188 20.117188 L 31.726562 20.117188 L 30.515625 21.980469 L 36.664062 21.980469 C 36.757812 21.980469 36.851562 21.980469 36.945312 21.980469 C 37.457031 22.027344 38.203125 22.027344 38.761719 21.375 L 38.855469 21.28125 L 40.859375 17.273438 C 41 17.042969 41.324219 16.34375 41.695312 16.34375 L 57.539062 16.34375 C 57.585938 16.34375 57.679688 16.390625 57.773438 16.53125 C 57.960938 16.761719 58.050781 17.136719 58.003906 17.367188 L 49.992188 45.933594 C 49.898438 46.351562 49.523438 46.628906 49.105469 46.628906 L 4 46.628906 L 4 46.164062 L 3.207031 46.164062 C 3.070312 45.933594 3.023438 45.652344 3.117188 45.417969 L 10.105469 22.960938 C 10.246094 22.402344 10.710938 21.933594 10.992188 21.933594 L 15.511719 21.933594 L 14.296875 20.070312 L 10.992188 20.070312 C 9.6875 20.070312 8.613281 21.28125 8.289062 22.449219 L 2.042969 42.578125 L 2.042969 8.933594 C 2.042969 8.421875 2.464844 8.003906 2.976562 8.003906 L 16.347656 8.003906 L 16.347656 6.140625 L 2.976562 6.140625 C 1.4375 6.140625 0.179688 7.398438 0.179688 8.933594 L 0.179688 45.28125 C 0.179688 46.585938 1.113281 47.703125 2.371094 47.980469 C 2.835938 48.308594 3.394531 48.496094 4 48.496094 L 49.058594 48.496094 C 50.316406 48.496094 51.4375 47.65625 51.761719 46.445312 L 59.777344 17.882812 C 59.960938 17.136719 59.730469 16.15625 59.21875 15.457031 Z M 59.21875 15.457031 \" fill-opacity=\"1\" fill-rule=\"nonzero\"><\/path><\/g><path fill=\"#af8b5a\" d=\"M 27.671875 1.664062 C 27.578125 0.78125 26.832031 0.0820312 25.949219 0.0820312 L 20.214844 0.0820312 C 19.191406 0.0820312 18.351562 0.917969 18.351562 1.945312 L 18.351562 13.59375 L 15.371094 13.59375 C 14.765625 13.59375 14.207031 13.921875 13.925781 14.480469 C 13.644531 15.039062 13.644531 15.644531 13.972656 16.15625 L 20.960938 26.921875 C 21.429688 27.621094 22.171875 28.039062 23.011719 28.039062 C 23.851562 28.039062 24.644531 27.621094 25.0625 26.921875 L 32.003906 16.203125 C 32.332031 15.691406 32.378906 15.039062 32.050781 14.480469 C 31.726562 13.921875 31.257812 13.59375 30.605469 13.59375 L 27.671875 13.59375 L 27.671875 1.757812 C 27.671875 1.757812 27.671875 1.710938 27.671875 1.664062 Z M 30.28125 15.457031 L 23.523438 25.894531 C 23.339844 26.128906 23.105469 26.175781 23.011719 26.175781 C 22.917969 26.175781 22.6875 26.128906 22.5 25.894531 L 15.742188 15.457031 L 19.285156 15.457031 C 19.796875 15.457031 20.214844 15.039062 20.214844 14.527344 L 20.214844 1.945312 L 25.808594 1.945312 L 25.808594 14.527344 C 25.808594 15.039062 26.226562 15.457031 26.738281 15.457031 Z M 30.28125 15.457031 \" fill-opacity=\"1\" fill-rule=\"nonzero\"><\/path><path fill=\"#af8b5a\" d=\"M 51.4375 12.664062 L 51.4375 8.933594 C 51.4375 7.398438 50.175781 6.140625 48.640625 6.140625 L 29.488281 6.140625 L 29.488281 8.003906 L 48.640625 8.003906 C 49.152344 8.003906 49.570312 8.421875 49.570312 8.933594 L 49.570312 12.664062 Z M 51.4375 12.664062 \" fill-opacity=\"1\" fill-rule=\"nonzero\"><\/path><\/svg>\t\t\t\t<\/span>\n\t\t\t<\/div>\n\t\t\t\n\t\t\t\t\t\t<div class=\"elementor-icon-box-content\">\n\n\t\t\t\t\t\t\t\t\t<h3 class=\"elementor-icon-box-title\">\n\t\t\t\t\t\t<span  >\n\t\t\t\t\t\t\tPattern Archiving\t\t\t\t\t\t<\/span>\n\t\t\t\t\t<\/h3>\n\t\t\t\t\n\t\t\t\t\n\t\t\t<\/div>\n\t\t\t\n\t\t<\/div>\n\t\t\t\t\t\t<\/div>\n\t\t\t\t<\/div>\n\t\t\t\t\t<\/div>\n\t\t\t\t<\/div>\n\t\t\t\t<\/div>","protected":false},"excerpt":{"rendered":"<p>Digitalizacja szablon\u00f3w Je\u015bli masz gotowe szablony w wersji papierowej i chcesz \u017ceby wprowadzi\u0107 je do programu komputerowego lub aby na ich podstawie stworzy\u0107 kolejne modele, oferuj\u0119 us\u0142ug\u0119 digitalizacji. Digitalizacja szablon\u00f3w i form krawieckich polega na\u00a0 wprowadzeniu parametr\u00f3w projektu do programu komputerowego z zachowaniem dotychczasowych element\u00f3w i kszta\u0142t\u00f3w. W efekcie otrzymujemy cyfrow\u0105 wersj\u0119 projekt\u00f3w, kt\u00f3r\u0105 mo\u017cemy [&hellip;]<\/p>\n","protected":false},"author":1,"featured_media":2661,"parent":0,"menu_order":0,"comment_status":"closed","ping_status":"closed","template":"page-no-title","meta":{"footnotes":""},"class_list":["post-1659","page","type-page","status-publish","has-post-thumbnail","hentry"],"rttpg_featured_image_url":{"full":["https:\/\/studiokonstrukcji.com\/wp-content\/uploads\/2025\/05\/djecie-digitalizacja.png",613,503,false],"landscape":["https:\/\/studiokonstrukcji.com\/wp-content\/uploads\/2025\/05\/djecie-digitalizacja.png",613,503,false],"portraits":["https:\/\/studiokonstrukcji.com\/wp-content\/uploads\/2025\/05\/djecie-digitalizacja.png",613,503,false],"thumbnail":["https:\/\/studiokonstrukcji.com\/wp-content\/uploads\/2025\/05\/djecie-digitalizacja-150x150.png",150,150,true],"medium":["https:\/\/studiokonstrukcji.com\/wp-content\/uploads\/2025\/05\/djecie-digitalizacja-300x246.png",300,246,true],"large":["https:\/\/studiokonstrukcji.com\/wp-content\/uploads\/2025\/05\/djecie-digitalizacja.png",613,503,false],"1536x1536":["https:\/\/studiokonstrukcji.com\/wp-content\/uploads\/2025\/05\/djecie-digitalizacja.png",613,503,false],"2048x2048":["https:\/\/studiokonstrukcji.com\/wp-content\/uploads\/2025\/05\/djecie-digitalizacja.png",613,503,false],"trp-custom-language-flag":["https:\/\/studiokonstrukcji.com\/wp-content\/uploads\/2025\/05\/djecie-digitalizacja.png",15,12,false]},"rttpg_author":{"display_name":"admin-6hqvsfuH","author_link":"http:\/\/studiokonstrukcji.com\/en\/author\/admin-6hqvsfuh\/"},"rttpg_comment":0,"rttpg_category":null,"rttpg_excerpt":"Digitalizacja szablon\u00f3w Je\u015bli masz gotowe szablony w wersji papierowej i chcesz \u017ceby wprowadzi\u0107 je do programu komputerowego lub aby na ich podstawie stworzy\u0107 kolejne modele, oferuj\u0119 us\u0142ug\u0119 digitalizacji. Digitalizacja szablon\u00f3w i form krawieckich polega na\u00a0 wprowadzeniu parametr\u00f3w projektu do programu komputerowego z zachowaniem dotychczasowych element\u00f3w i kszta\u0142t\u00f3w. W efekcie otrzymujemy cyfrow\u0105 wersj\u0119 projekt\u00f3w, kt\u00f3r\u0105 mo\u017cemy&hellip;","_links":{"self":[{"href":"http:\/\/studiokonstrukcji.com\/en\/wp-json\/wp\/v2\/pages\/1659","targetHints":{"allow":["GET"]}}],"collection":[{"href":"http:\/\/studiokonstrukcji.com\/en\/wp-json\/wp\/v2\/pages"}],"about":[{"href":"http:\/\/studiokonstrukcji.com\/en\/wp-json\/wp\/v2\/types\/page"}],"author":[{"embeddable":true,"href":"http:\/\/studiokonstrukcji.com\/en\/wp-json\/wp\/v2\/users\/1"}],"replies":[{"embeddable":true,"href":"http:\/\/studiokonstrukcji.com\/en\/wp-json\/wp\/v2\/comments?post=1659"}],"version-history":[{"count":82,"href":"http:\/\/studiokonstrukcji.com\/en\/wp-json\/wp\/v2\/pages\/1659\/revisions"}],"predecessor-version":[{"id":3166,"href":"http:\/\/studiokonstrukcji.com\/en\/wp-json\/wp\/v2\/pages\/1659\/revisions\/3166"}],"wp:featuredmedia":[{"embeddable":true,"href":"http:\/\/studiokonstrukcji.com\/en\/wp-json\/wp\/v2\/media\/2661"}],"wp:attachment":[{"href":"http:\/\/studiokonstrukcji.com\/en\/wp-json\/wp\/v2\/media?parent=1659"}],"curies":[{"name":"wp","href":"https:\/\/api.w.org\/{rel}","templated":true}]}}