{"id":1767,"date":"2025-05-05T11:03:26","date_gmt":"2025-05-05T09:03:26","guid":{"rendered":"https:\/\/fabrykakonstrukcji.pl\/?page_id=1767"},"modified":"2025-06-12T10:29:20","modified_gmt":"2025-06-12T08:29:20","slug":"trafarety","status":"publish","type":"page","link":"http:\/\/studiokonstrukcji.com\/en\/trafarety\/","title":{"rendered":"Markers"},"content":{"rendered":"<div data-elementor-type=\"wp-page\" data-elementor-id=\"1767\" class=\"elementor elementor-1767\">\n\t\t\t\t<div class=\"elementor-element elementor-element-43e84df6 e-flex e-con-boxed e-con e-parent\" data-id=\"43e84df6\" data-element_type=\"container\" data-e-type=\"container\" data-settings=\"{&quot;background_background&quot;:&quot;classic&quot;}\">\n\t\t\t\t\t<div class=\"e-con-inner\">\n\t\t<div class=\"elementor-element elementor-element-7f4a7b07 e-con-full e-flex e-con e-child\" data-id=\"7f4a7b07\" data-element_type=\"container\" data-e-type=\"container\">\n\t\t\t\t<div class=\"elementor-element elementor-element-7f1a69a7 elementor-widget__width-inherit elementor-absolute elementor-widget elementor-widget-heading\" data-id=\"7f1a69a7\" data-element_type=\"widget\" data-e-type=\"widget\" data-settings=\"{&quot;_position&quot;:&quot;absolute&quot;}\" data-widget_type=\"heading.default\">\n\t\t\t\t<div class=\"elementor-widget-container\">\n\t\t\t\t\t<h2 class=\"elementor-heading-title elementor-size-default\">Markers<\/h2>\t\t\t\t<\/div>\n\t\t\t\t<\/div>\n\t\t\t\t<\/div>\n\t\t\t\t\t<\/div>\n\t\t\t\t<\/div>\n\t\t<div class=\"elementor-element elementor-element-4567b801 e-flex e-con-boxed e-con e-parent\" data-id=\"4567b801\" data-element_type=\"container\" data-e-type=\"container\">\n\t\t\t\t\t<div class=\"e-con-inner\">\n\t\t<div class=\"elementor-element elementor-element-74b29f07 e-con-full e-flex e-con e-child\" data-id=\"74b29f07\" data-element_type=\"container\" data-e-type=\"container\">\n\t\t\t\t<div class=\"elementor-element elementor-element-7fe8808d elementor-widget elementor-widget-text-editor\" data-id=\"7fe8808d\" data-element_type=\"widget\" data-e-type=\"widget\" data-widget_type=\"text-editor.default\">\n\t\t\t\t<div class=\"elementor-widget-container\">\n\t\t\t\t\t\t\t\t\t<p>You can receive the finished markers as professional prints on adhesive paper, ready for immediate use in your studio or sewing facility.\nI produce the prints using a high-quality, wide-format inkjet plotter\u2014InvenJet 1800 C2H\u2014which ensures precise reproduction of even the smallest details.\nThe maximum print width is an impressive 178 cm, allowing for seamless printing of large garment pattern pieces as well.\u00a0<\/p>\t\t\t\t\t\t\t\t<\/div>\n\t\t\t\t<\/div>\n\t\t\t\t<\/div>\n\t\t<div class=\"elementor-element elementor-element-52a6e0 e-con-full e-flex e-con e-child\" data-id=\"52a6e0\" data-element_type=\"container\" data-e-type=\"container\">\n\t\t\t\t<div class=\"elementor-element elementor-element-35496c2 elementor-widget elementor-widget-image\" data-id=\"35496c2\" data-element_type=\"widget\" data-e-type=\"widget\" data-widget_type=\"image.default\">\n\t\t\t\t<div class=\"elementor-widget-container\">\n\t\t\t\t\t\t\t\t\t\t\t\t\t\t\t<img fetchpriority=\"high\" decoding=\"async\" width=\"653\" height=\"443\" src=\"https:\/\/studiokonstrukcji.com\/wp-content\/uploads\/2025\/05\/zdjecie-trafaret-1.png\" class=\"attachment-large size-large wp-image-2729\" alt=\"\" srcset=\"https:\/\/studiokonstrukcji.com\/wp-content\/uploads\/2025\/05\/zdjecie-trafaret-1.png 653w, https:\/\/studiokonstrukcji.com\/wp-content\/uploads\/2025\/05\/zdjecie-trafaret-1-300x204.png 300w\" sizes=\"(max-width: 653px) 100vw, 653px\" \/>\t\t\t\t\t\t\t\t\t\t\t\t\t\t\t<\/div>\n\t\t\t\t<\/div>\n\t\t\t\t<\/div>\n\t\t\t\t\t<\/div>\n\t\t\t\t<\/div>\n\t\t<div class=\"elementor-element elementor-element-12f2c9ff e-flex e-con-boxed e-con e-parent\" data-id=\"12f2c9ff\" data-element_type=\"container\" data-e-type=\"container\">\n\t\t\t\t\t<div class=\"e-con-inner\">\n\t\t\t\t<div class=\"elementor-element elementor-element-72bd088e elementor-widget-divider--view-line elementor-widget elementor-widget-divider\" data-id=\"72bd088e\" data-element_type=\"widget\" data-e-type=\"widget\" data-widget_type=\"divider.default\">\n\t\t\t\t<div class=\"elementor-widget-container\">\n\t\t\t\t\t\t\t<div class=\"elementor-divider\">\n\t\t\t<span class=\"elementor-divider-separator\">\n\t\t\t\t\t\t<\/span>\n\t\t<\/div>\n\t\t\t\t\t\t<\/div>\n\t\t\t\t<\/div>\n\t\t\t\t\t<\/div>\n\t\t\t\t<\/div>\n\t\t<div class=\"elementor-element elementor-element-723321c5 e-grid e-con-boxed e-con e-parent\" data-id=\"723321c5\" data-element_type=\"container\" data-e-type=\"container\">\n\t\t\t\t\t<div class=\"e-con-inner\">\n\t\t\t\t<div class=\"elementor-element elementor-element-4e803349 elementor-view-default elementor-position-block-start elementor-mobile-position-block-start elementor-widget elementor-widget-icon-box\" data-id=\"4e803349\" data-element_type=\"widget\" data-e-type=\"widget\" data-widget_type=\"icon-box.default\">\n\t\t\t\t<div class=\"elementor-widget-container\">\n\t\t\t\t\t\t\t<div class=\"elementor-icon-box-wrapper\">\n\n\t\t\t\t\t\t<div class=\"elementor-icon-box-icon\">\n\t\t\t\t<span  class=\"elementor-icon elementor-animation-grow\">\n\t\t\t\t<svg xmlns=\"http:\/\/www.w3.org\/2000\/svg\" xmlns:xlink=\"http:\/\/www.w3.org\/1999\/xlink\" width=\"66\" zoomandpan=\"magnify\" viewbox=\"0 0 49.5 49.499998\" height=\"66\" preserveaspectratio=\"xMidYMid meet\"><defs><clippath id=\"9f7a5bae58\"><path d=\"M 0 0 L 49.003906 0 L 49.003906 49.003906 L 0 49.003906 Z M 0 0 \" clip-rule=\"nonzero\"><\/path><\/clippath><\/defs><g clip-path=\"url(#9f7a5bae58)\"><path fill=\"#ffffff\" d=\"M 0 0 L 49.003906 0 L 49.003906 49.003906 L 0 49.003906 Z M 0 0 \" fill-opacity=\"1\" fill-rule=\"nonzero\"><\/path><\/g><path fill=\"#af8b5a\" d=\"M 8.125 38.59375 C 7.007812 38.59375 6.09375 39.507812 6.09375 40.625 C 6.09375 41.742188 7.007812 42.65625 8.125 42.65625 C 9.242188 42.65625 10.15625 41.742188 10.15625 40.625 C 10.15625 39.507812 9.242188 38.59375 8.125 38.59375 Z M 8.125 44.6875 C 5.886719 44.6875 4.0625 42.863281 4.0625 40.625 C 4.0625 38.386719 5.886719 36.5625 8.125 36.5625 C 10.363281 36.5625 12.1875 38.386719 12.1875 40.625 C 12.1875 42.863281 10.363281 44.6875 8.125 44.6875 \" fill-opacity=\"1\" fill-rule=\"nonzero\"><\/path><path fill=\"#af8b5a\" d=\"M 8.125 34.53125 C 4.761719 34.53125 2.03125 37.261719 2.03125 40.625 C 2.03125 43.988281 4.761719 46.71875 8.125 46.71875 C 11.488281 46.71875 14.21875 43.988281 14.21875 40.625 C 14.21875 37.261719 11.488281 34.53125 8.125 34.53125 Z M 8.125 48.75 C 3.640625 48.75 0 45.109375 0 40.625 C 0 36.140625 3.640625 32.5 8.125 32.5 C 12.609375 32.5 16.25 36.140625 16.25 40.625 C 16.25 45.109375 12.609375 48.75 8.125 48.75 \" fill-opacity=\"1\" fill-rule=\"nonzero\"><\/path><path fill=\"#af8b5a\" d=\"M 15.234375 41.640625 C 14.671875 41.640625 14.21875 41.1875 14.21875 40.625 L 14.21875 8.125 C 14.21875 4.761719 11.488281 2.03125 8.125 2.03125 C 4.761719 2.03125 2.03125 4.761719 2.03125 8.125 L 2.03125 40.625 C 2.03125 41.1875 1.578125 41.640625 1.015625 41.640625 C 0.453125 41.640625 0 41.1875 0 40.625 L 0 8.125 C 0 3.640625 3.640625 0 8.125 0 C 12.609375 0 16.25 3.640625 16.25 8.125 L 16.25 40.625 C 16.25 41.1875 15.796875 41.640625 15.234375 41.640625 \" fill-opacity=\"1\" fill-rule=\"nonzero\"><\/path><path fill=\"#af8b5a\" d=\"M 37.539062 48.75 C 33.59375 48.75 31.609375 47.65625 29.691406 46.589844 C 27.921875 45.617188 26.246094 44.6875 22.828125 44.6875 C 19.414062 44.6875 17.742188 45.617188 15.972656 46.589844 C 14.050781 47.65625 12.058594 48.75 8.125 48.75 C 7.5625 48.75 7.109375 48.296875 7.109375 47.734375 C 7.109375 47.171875 7.5625 46.71875 8.125 46.71875 C 11.535156 46.71875 13.210938 45.789062 14.988281 44.8125 C 16.910156 43.75 18.890625 42.65625 22.828125 42.65625 C 26.769531 42.65625 28.753906 43.75 30.675781 44.8125 C 32.445312 45.789062 34.117188 46.71875 37.539062 46.71875 C 41.101562 46.71875 42.726562 45.902344 44.625 44.957031 C 45.273438 44.625 45.949219 44.289062 46.71875 43.980469 L 46.71875 13.695312 C 46.3125 13.878906 45.925781 14.074219 45.527344 14.273438 C 43.585938 15.242188 41.578125 16.25 37.539062 16.25 C 33.59375 16.25 31.609375 15.15625 29.691406 14.089844 C 27.921875 13.117188 26.246094 12.1875 22.828125 12.1875 C 19.472656 12.1875 17.8125 13.085938 16.050781 14.035156 L 15.710938 14.21875 C 15.21875 14.488281 14.609375 14.296875 14.335938 13.804688 C 14.074219 13.3125 14.257812 12.695312 14.757812 12.433594 L 15.082031 12.25 C 16.988281 11.21875 18.957031 10.15625 22.828125 10.15625 C 26.769531 10.15625 28.753906 11.25 30.675781 12.3125 C 32.445312 13.289062 34.117188 14.21875 37.539062 14.21875 C 41.101562 14.21875 42.726562 13.402344 44.625 12.457031 C 45.464844 12.035156 46.328125 11.601562 47.402344 11.226562 C 47.710938 11.117188 48.050781 11.164062 48.320312 11.363281 C 48.589844 11.550781 48.75 11.863281 48.75 12.1875 L 48.75 44.6875 C 48.75 45.117188 48.472656 45.503906 48.066406 45.648438 C 47.125 45.972656 46.355469 46.363281 45.527344 46.773438 C 43.585938 47.742188 41.578125 48.75 37.539062 48.75 \" fill-opacity=\"1\" fill-rule=\"nonzero\"><\/path><\/svg>\t\t\t\t<\/span>\n\t\t\t<\/div>\n\t\t\t\n\t\t\t\t\t\t<div class=\"elementor-icon-box-content\">\n\n\t\t\t\t\t\t\t\t\t<h3 class=\"elementor-icon-box-title\">\n\t\t\t\t\t\t<span  >\n\t\t\t\t\t\t\tFabric\t\t\t\t\t\t<\/span>\n\t\t\t\t\t<\/h3>\n\t\t\t\t\n\t\t\t\t\t\t\t\t\t<p class=\"elementor-icon-box-description\">\n\t\t\t\t\t\tThanks to my experience, I can help you choose the right fabrics for your designs and recommend trusted textile suppliers.\t\t\t\t\t<\/p>\n\t\t\t\t\n\t\t\t<\/div>\n\t\t\t\n\t\t<\/div>\n\t\t\t\t\t\t<\/div>\n\t\t\t\t<\/div>\n\t\t\t\t<div class=\"elementor-element elementor-element-5d93190 elementor-view-default elementor-position-block-start elementor-mobile-position-block-start elementor-widget elementor-widget-icon-box\" data-id=\"5d93190\" data-element_type=\"widget\" data-e-type=\"widget\" data-widget_type=\"icon-box.default\">\n\t\t\t\t<div class=\"elementor-widget-container\">\n\t\t\t\t\t\t\t<div class=\"elementor-icon-box-wrapper\">\n\n\t\t\t\t\t\t<div class=\"elementor-icon-box-icon\">\n\t\t\t\t<span  class=\"elementor-icon elementor-animation-grow\">\n\t\t\t\t<svg xmlns=\"http:\/\/www.w3.org\/2000\/svg\" xmlns:xlink=\"http:\/\/www.w3.org\/1999\/xlink\" width=\"60\" zoomandpan=\"magnify\" viewbox=\"0 0 45 50.249999\" height=\"67\" preserveaspectratio=\"xMidYMid meet\"><defs><clippath id=\"54b21a3bff\"><path d=\"M 0.332031 0 L 44.667969 0 L 44.667969 49.511719 L 0.332031 49.511719 Z M 0.332031 0 \" clip-rule=\"nonzero\"><\/path><\/clippath><clippath id=\"bdf7266303\"><path d=\"M 0.332031 0 L 44.667969 0 L 44.667969 48.773438 L 0.332031 48.773438 Z M 0.332031 0 \" clip-rule=\"nonzero\"><\/path><\/clippath><\/defs><g clip-path=\"url(#54b21a3bff)\"><path fill=\"#ffffff\" d=\"M 0.332031 0 L 44.667969 0 L 44.667969 49.511719 L 0.332031 49.511719 Z M 0.332031 0 \" fill-opacity=\"1\" fill-rule=\"nonzero\"><\/path><\/g><g clip-path=\"url(#bdf7266303)\"><path fill=\"#af8b5a\" d=\"M 1.132812 48.921875 L 7.445312 48.921875 C 7.660156 48.921875 7.871094 48.832031 8.019531 48.675781 C 8.167969 48.515625 8.246094 48.304688 8.234375 48.085938 L 8.1875 47.34375 L 10.601562 47.34375 C 10.820312 47.34375 11.03125 47.253906 11.179688 47.09375 C 11.328125 46.933594 11.402344 46.71875 11.386719 46.5 L 11.359375 46.082031 L 12.214844 45.796875 C 15.0625 44.847656 18.15625 44.769531 21.097656 45.355469 C 22.457031 45.628906 23.847656 45.765625 25.238281 45.765625 C 29.726562 45.765625 34.066406 44.148438 37.460938 41.207031 L 43.511719 35.964844 C 44.160156 35.402344 44.53125 34.589844 44.53125 33.730469 C 44.53125 32.164062 43.304688 30.890625 41.765625 30.792969 C 43.574219 27.679688 44.53125 24.164062 44.53125 20.515625 C 44.53125 9.203125 35.328125 0 24.015625 0 C 12.703125 0 3.5 9.203125 3.5 20.515625 C 3.5 25.824219 5.570312 30.914062 9.222656 34.71875 L 7.445312 34.71875 L 7.445312 34.671875 C 7.417969 34.253906 7.074219 33.929688 6.65625 33.929688 L 1.132812 33.929688 C 0.695312 33.929688 0.34375 34.28125 0.34375 34.71875 L 0.34375 48.132812 C 0.34375 48.34375 0.425781 48.542969 0.574219 48.691406 C 0.722656 48.839844 0.921875 48.921875 1.132812 48.921875 Z M 42.953125 33.730469 C 42.953125 34.128906 42.78125 34.507812 42.476562 34.769531 L 36.425781 40.011719 C 33.320312 42.707031 29.347656 44.1875 25.238281 44.1875 C 23.953125 44.1875 22.664062 44.058594 21.410156 43.808594 C 18.199219 43.164062 14.824219 43.261719 11.714844 44.300781 L 11.242188 44.457031 L 10.675781 36.546875 L 11.910156 35.3125 C 13.3125 33.914062 15.175781 33.140625 17.15625 33.140625 C 18.464844 33.140625 19.746094 33.386719 20.960938 33.875 C 22.363281 34.433594 23.839844 34.71875 25.351562 34.71875 L 28.75 34.71875 C 30.214844 34.71875 31.441406 35.726562 31.792969 37.085938 L 24.015625 37.085938 L 24.015625 38.664062 L 32.695312 38.664062 C 32.875 38.664062 33.046875 38.605469 33.1875 38.492188 L 40.484375 32.652344 C 40.726562 32.460938 41.035156 32.351562 41.34375 32.351562 L 41.574219 32.351562 C 42.335938 32.351562 42.953125 32.96875 42.953125 33.730469 Z M 8.273438 19.726562 C 8.460938 15.972656 9.960938 12.5625 12.332031 9.945312 L 13.972656 11.585938 L 15.085938 10.472656 L 13.445312 8.832031 C 16.0625 6.460938 19.46875 4.960938 23.226562 4.773438 L 23.226562 7.101562 L 24.804688 7.101562 L 24.804688 4.773438 C 28.558594 4.960938 31.96875 6.460938 34.585938 8.832031 L 32.941406 10.472656 L 34.058594 11.589844 L 35.699219 9.945312 C 38.070312 12.5625 39.570312 15.972656 39.757812 19.726562 L 37.429688 19.726562 L 37.429688 21.304688 L 39.769531 21.304688 C 39.585938 25 38.132812 28.441406 35.71875 31.105469 L 34.058594 29.441406 L 32.941406 30.558594 L 34.601562 32.21875 C 33.75 32.984375 32.808594 33.667969 31.785156 34.246094 C 30.960938 33.558594 29.902344 33.140625 28.75 33.140625 L 25.351562 33.140625 C 24.042969 33.140625 22.761719 32.894531 21.546875 32.40625 C 20.582031 32.023438 19.582031 31.777344 18.558594 31.65625 L 23.597656 22.839844 C 23.730469 22.863281 23.871094 22.882812 24.015625 22.882812 C 25.320312 22.882812 26.382812 21.820312 26.382812 20.515625 C 26.382812 19.488281 25.71875 18.621094 24.804688 18.292969 L 24.804688 11.046875 L 23.226562 11.046875 L 23.226562 18.292969 C 22.308594 18.621094 21.648438 19.488281 21.648438 20.515625 C 21.648438 21.105469 21.871094 21.636719 22.230469 22.050781 L 17.019531 31.171875 L 17.753906 31.589844 C 17.554688 31.582031 17.355469 31.5625 17.15625 31.5625 C 15.894531 31.5625 14.671875 31.828125 13.550781 32.320312 C 13.511719 32.285156 13.46875 32.25 13.429688 32.214844 L 15.089844 30.558594 L 13.972656 29.441406 L 12.316406 31.097656 C 9.878906 28.40625 8.4375 24.964844 8.257812 21.304688 L 10.601562 21.304688 L 10.601562 19.726562 Z M 24.015625 19.726562 C 24.449219 19.726562 24.804688 20.082031 24.804688 20.515625 C 24.804688 20.953125 24.449219 21.304688 24.015625 21.304688 C 23.578125 21.304688 23.226562 20.953125 23.226562 20.515625 C 23.226562 20.082031 23.578125 19.726562 24.015625 19.726562 Z M 24.015625 1.578125 C 34.457031 1.578125 42.953125 10.074219 42.953125 20.515625 C 42.953125 24.453125 41.753906 28.226562 39.488281 31.429688 L 33.253906 36.417969 C 33.144531 36.085938 32.996094 35.769531 32.820312 35.46875 C 38.117188 32.351562 41.375 26.707031 41.375 20.515625 C 41.375 10.945312 33.585938 3.15625 24.015625 3.15625 C 14.441406 3.15625 6.65625 10.945312 6.65625 20.515625 C 6.65625 25.316406 8.625 29.851562 12.089844 33.128906 C 11.65625 33.425781 11.246094 33.761719 10.863281 34.136719 C 7.179688 30.574219 5.078125 25.65625 5.078125 20.515625 C 5.078125 10.074219 13.574219 1.578125 24.015625 1.578125 Z M 9.078125 36.296875 L 9.753906 45.765625 L 8.09375 45.765625 L 7.539062 36.296875 Z M 1.921875 35.507812 L 5.910156 35.507812 L 6.609375 47.34375 L 1.921875 47.34375 Z M 1.921875 35.507812 \" fill-opacity=\"1\" fill-rule=\"nonzero\"><\/path><\/g><\/svg>\t\t\t\t<\/span>\n\t\t\t<\/div>\n\t\t\t\n\t\t\t\t\t\t<div class=\"elementor-icon-box-content\">\n\n\t\t\t\t\t\t\t\t\t<h3 class=\"elementor-icon-box-title\">\n\t\t\t\t\t\t<span  >\n\t\t\t\t\t\t\tTimeliness\t\t\t\t\t\t<\/span>\n\t\t\t\t\t<\/h3>\n\t\t\t\t\n\t\t\t\t\t\t\t\t\t<p class=\"elementor-icon-box-description\">\n\t\t\t\t\t\tPattern development usually takes a few days, although the exact time depends on the complexity of the model.\t\t\t\t\t<\/p>\n\t\t\t\t\n\t\t\t<\/div>\n\t\t\t\n\t\t<\/div>\n\t\t\t\t\t\t<\/div>\n\t\t\t\t<\/div>\n\t\t\t\t<div class=\"elementor-element elementor-element-49c70ad3 elementor-view-default elementor-position-block-start elementor-mobile-position-block-start elementor-widget elementor-widget-icon-box\" data-id=\"49c70ad3\" data-element_type=\"widget\" data-e-type=\"widget\" data-widget_type=\"icon-box.default\">\n\t\t\t\t<div class=\"elementor-widget-container\">\n\t\t\t\t\t\t\t<div class=\"elementor-icon-box-wrapper\">\n\n\t\t\t\t\t\t<div class=\"elementor-icon-box-icon\">\n\t\t\t\t<span  class=\"elementor-icon elementor-animation-grow\">\n\t\t\t\t<svg xmlns=\"http:\/\/www.w3.org\/2000\/svg\" xmlns:xlink=\"http:\/\/www.w3.org\/1999\/xlink\" width=\"51\" zoomandpan=\"magnify\" viewbox=\"0 0 38.25 38.249999\" height=\"51\" preserveaspectratio=\"xMidYMid meet\"><defs><clippath id=\"23ad03a26d\"><path d=\"M 0 0 L 37.515625 0 L 37.515625 37.515625 L 0 37.515625 Z M 0 0 \" clip-rule=\"nonzero\"><\/path><\/clippath><clippath id=\"cacf935ce8\"><path d=\"M 0 7 L 31 7 L 31 37.515625 L 0 37.515625 Z M 0 7 \" clip-rule=\"nonzero\"><\/path><\/clippath><clippath id=\"a6e7c39afb\"><path d=\"M 13 0 L 37.515625 0 L 37.515625 29 L 13 29 Z M 13 0 \" clip-rule=\"nonzero\"><\/path><\/clippath><\/defs><g clip-path=\"url(#23ad03a26d)\"><path fill=\"#ffffff\" d=\"M 0 0 L 37.515625 0 L 37.515625 37.515625 L 0 37.515625 Z M 0 0 \" fill-opacity=\"1\" fill-rule=\"nonzero\"><\/path><\/g><path fill=\"#af8b5a\" d=\"M 8.152344 24.871094 C 6.867188 24.871094 5.824219 23.824219 5.824219 22.539062 C 5.824219 21.257812 6.867188 20.210938 8.152344 20.210938 C 9.4375 20.210938 10.484375 21.257812 10.484375 22.539062 C 10.484375 23.824219 9.4375 24.871094 8.152344 24.871094 Z M 8.152344 22.539062 Z M 8.152344 22.539062 Z M 8.152344 22.539062 Z M 8.152344 22.539062 Z M 8.152344 22.539062 Z M 8.152344 22.539062 Z M 8.152344 22.539062 Z M 8.152344 22.539062 Z M 8.152344 22.539062 \" fill-opacity=\"1\" fill-rule=\"nonzero\"><\/path><path fill=\"#af8b5a\" d=\"M 15.140625 24.871094 C 13.855469 24.871094 12.8125 23.824219 12.8125 22.539062 C 12.8125 21.257812 13.855469 20.210938 15.140625 20.210938 C 16.425781 20.210938 17.472656 21.257812 17.472656 22.539062 C 17.472656 23.824219 16.425781 24.871094 15.140625 24.871094 Z M 15.140625 22.539062 Z M 15.140625 22.539062 Z M 15.140625 22.539062 Z M 15.140625 22.539062 Z M 15.140625 22.539062 Z M 15.140625 22.539062 Z M 15.140625 22.539062 Z M 15.140625 22.539062 Z M 15.140625 22.539062 \" fill-opacity=\"1\" fill-rule=\"nonzero\"><\/path><path fill=\"#af8b5a\" d=\"M 22.128906 24.871094 C 20.847656 24.871094 19.800781 23.824219 19.800781 22.539062 C 19.800781 21.257812 20.847656 20.210938 22.128906 20.210938 C 23.414062 20.210938 24.460938 21.257812 24.460938 22.539062 C 24.460938 23.824219 23.414062 24.871094 22.128906 24.871094 Z M 22.128906 22.539062 Z M 22.128906 22.539062 \" fill-opacity=\"1\" fill-rule=\"nonzero\"><\/path><g clip-path=\"url(#cacf935ce8)\"><path fill=\"#af8b5a\" d=\"M 1.164062 37.328125 C 0.859375 37.328125 0.5625 37.210938 0.339844 36.988281 C 0.0703125 36.71875 -0.0507812 36.332031 0.0195312 35.957031 L 1.402344 28.378906 C 0.511719 26.410156 0.0625 24.320312 0.0625 22.15625 C 0.0625 13.824219 6.84375 7.046875 15.171875 7.046875 C 23.503906 7.046875 30.28125 13.824219 30.28125 22.15625 C 30.28125 30.488281 23.503906 37.265625 15.171875 37.265625 C 13.011719 37.265625 10.917969 36.816406 8.953125 35.929688 L 1.375 37.308594 C 1.304688 37.324219 1.234375 37.328125 1.164062 37.328125 Z M 9.109375 33.550781 C 9.28125 33.550781 9.453125 33.589844 9.613281 33.667969 C 11.363281 34.507812 13.234375 34.9375 15.171875 34.9375 C 22.222656 34.9375 27.953125 29.203125 27.953125 22.15625 C 27.953125 15.109375 22.222656 9.375 15.171875 9.375 C 8.125 9.375 2.394531 15.109375 2.394531 22.15625 C 2.394531 24.09375 2.820312 25.964844 3.664062 27.71875 C 3.769531 27.9375 3.804688 28.1875 3.757812 28.429688 L 2.613281 34.71875 L 8.898438 33.570312 C 8.96875 33.558594 9.039062 33.550781 9.109375 33.550781 Z M 9.109375 33.550781 \" fill-opacity=\"1\" fill-rule=\"nonzero\"><\/path><\/g><g clip-path=\"url(#a6e7c39afb)\"><path fill=\"#af8b5a\" d=\"M 36.105469 28.011719 C 36.039062 28.011719 35.96875 28.007812 35.898438 27.992188 L 31.949219 27.269531 C 31.316406 27.15625 30.898438 26.546875 31.011719 25.914062 C 31.128906 25.28125 31.738281 24.859375 32.367188 24.980469 L 34.660156 25.398438 L 33.632812 19.777344 C 33.589844 19.535156 33.621094 19.28125 33.730469 19.0625 C 34.496094 17.472656 34.882812 15.769531 34.882812 14 C 34.882812 7.597656 29.667969 2.386719 23.257812 2.386719 C 20.28125 2.386719 17.453125 3.523438 15.292969 5.582031 C 15.078125 5.789062 14.789062 5.90625 14.488281 5.90625 C 13.847656 5.90625 13.320312 5.382812 13.320312 4.738281 C 13.320312 4.363281 13.496094 4.027344 13.773438 3.8125 C 16.355469 1.390625 19.71875 0.0585938 23.257812 0.0585938 C 30.953125 0.0585938 37.214844 6.3125 37.214844 14 C 37.214844 15.992188 36.804688 17.917969 35.992188 19.722656 L 37.253906 26.636719 C 37.320312 27.015625 37.199219 27.402344 36.929688 27.671875 C 36.710938 27.890625 36.414062 28.011719 36.105469 28.011719 Z M 36.105469 28.011719 \" fill-opacity=\"1\" fill-rule=\"nonzero\"><\/path><\/g><\/svg>\t\t\t\t<\/span>\n\t\t\t<\/div>\n\t\t\t\n\t\t\t\t\t\t<div class=\"elementor-icon-box-content\">\n\n\t\t\t\t\t\t\t\t\t<h3 class=\"elementor-icon-box-title\">\n\t\t\t\t\t\t<span  >\n\t\t\t\t\t\t\tCommunication\t\t\t\t\t\t<\/span>\n\t\t\t\t\t<\/h3>\n\t\t\t\t\n\t\t\t\t\t\t\t\t\t<p class=\"elementor-icon-box-description\">\n\t\t\t\t\t\tYou can receive the finished patterns either in digital form or as printed copies on paper.\t\t\t\t\t<\/p>\n\t\t\t\t\n\t\t\t<\/div>\n\t\t\t\n\t\t<\/div>\n\t\t\t\t\t\t<\/div>\n\t\t\t\t<\/div>\n\t\t\t\t\t<\/div>\n\t\t\t\t<\/div>\n\t\t\t\t<\/div>","protected":false},"excerpt":{"rendered":"<p>Trafarety Gotowe trafarety mo\u017cesz odebra\u0107 ode mnie w formie profesjonalnego wydruku na papierze z klejem, gotowego do u\u017cycia w pracowni lub szwalni. Wydruki realizuj\u0119 na wysokiej klasy szerokoformatowym ploterze atramentowym InvenJet 1800 C2H, kt\u00f3ry zapewnia precyzj\u0119 odwzorowania nawet najdrobniejszych detali. Maksymalna szeroko\u015b\u0107 wydruku to a\u017c 178 cm, co pozwala na bezproblemowe drukowanie r\u00f3wnie\u017c du\u017cych element\u00f3w [&hellip;]<\/p>\n","protected":false},"author":1,"featured_media":2729,"parent":0,"menu_order":0,"comment_status":"closed","ping_status":"closed","template":"page-no-title","meta":{"footnotes":""},"class_list":["post-1767","page","type-page","status-publish","has-post-thumbnail","hentry"],"rttpg_featured_image_url":{"full":["https:\/\/studiokonstrukcji.com\/wp-content\/uploads\/2025\/05\/zdjecie-trafaret-1.png",653,443,false],"landscape":["https:\/\/studiokonstrukcji.com\/wp-content\/uploads\/2025\/05\/zdjecie-trafaret-1.png",653,443,false],"portraits":["https:\/\/studiokonstrukcji.com\/wp-content\/uploads\/2025\/05\/zdjecie-trafaret-1.png",653,443,false],"thumbnail":["https:\/\/studiokonstrukcji.com\/wp-content\/uploads\/2025\/05\/zdjecie-trafaret-1-150x150.png",150,150,true],"medium":["https:\/\/studiokonstrukcji.com\/wp-content\/uploads\/2025\/05\/zdjecie-trafaret-1-300x204.png",300,204,true],"large":["https:\/\/studiokonstrukcji.com\/wp-content\/uploads\/2025\/05\/zdjecie-trafaret-1.png",653,443,false],"1536x1536":["https:\/\/studiokonstrukcji.com\/wp-content\/uploads\/2025\/05\/zdjecie-trafaret-1.png",653,443,false],"2048x2048":["https:\/\/studiokonstrukcji.com\/wp-content\/uploads\/2025\/05\/zdjecie-trafaret-1.png",653,443,false],"trp-custom-language-flag":["https:\/\/studiokonstrukcji.com\/wp-content\/uploads\/2025\/05\/zdjecie-trafaret-1.png",18,12,false]},"rttpg_author":{"display_name":"admin-6hqvsfuH","author_link":"http:\/\/studiokonstrukcji.com\/en\/author\/admin-6hqvsfuh\/"},"rttpg_comment":0,"rttpg_category":null,"rttpg_excerpt":"Trafarety Gotowe trafarety mo\u017cesz odebra\u0107 ode mnie w formie profesjonalnego wydruku na papierze z klejem, gotowego do u\u017cycia w pracowni lub szwalni. Wydruki realizuj\u0119 na wysokiej klasy szerokoformatowym ploterze atramentowym InvenJet 1800 C2H, kt\u00f3ry zapewnia precyzj\u0119 odwzorowania nawet najdrobniejszych detali. Maksymalna szeroko\u015b\u0107 wydruku to a\u017c 178 cm, co pozwala na bezproblemowe drukowanie r\u00f3wnie\u017c du\u017cych element\u00f3w&hellip;","_links":{"self":[{"href":"http:\/\/studiokonstrukcji.com\/en\/wp-json\/wp\/v2\/pages\/1767","targetHints":{"allow":["GET"]}}],"collection":[{"href":"http:\/\/studiokonstrukcji.com\/en\/wp-json\/wp\/v2\/pages"}],"about":[{"href":"http:\/\/studiokonstrukcji.com\/en\/wp-json\/wp\/v2\/types\/page"}],"author":[{"embeddable":true,"href":"http:\/\/studiokonstrukcji.com\/en\/wp-json\/wp\/v2\/users\/1"}],"replies":[{"embeddable":true,"href":"http:\/\/studiokonstrukcji.com\/en\/wp-json\/wp\/v2\/comments?post=1767"}],"version-history":[{"count":43,"href":"http:\/\/studiokonstrukcji.com\/en\/wp-json\/wp\/v2\/pages\/1767\/revisions"}],"predecessor-version":[{"id":3215,"href":"http:\/\/studiokonstrukcji.com\/en\/wp-json\/wp\/v2\/pages\/1767\/revisions\/3215"}],"wp:featuredmedia":[{"embeddable":true,"href":"http:\/\/studiokonstrukcji.com\/en\/wp-json\/wp\/v2\/media\/2729"}],"wp:attachment":[{"href":"http:\/\/studiokonstrukcji.com\/en\/wp-json\/wp\/v2\/media?parent=1767"}],"curies":[{"name":"wp","href":"https:\/\/api.w.org\/{rel}","templated":true}]}}