{"id":1780,"date":"2025-05-05T11:10:44","date_gmt":"2025-05-05T09:10:44","guid":{"rendered":"https:\/\/fabrykakonstrukcji.pl\/?page_id=1780"},"modified":"2025-05-27T22:54:55","modified_gmt":"2025-05-27T20:54:55","slug":"konwersja-plikow","status":"publish","type":"page","link":"http:\/\/studiokonstrukcji.com\/en\/konwersja-plikow\/","title":{"rendered":"File Conversion"},"content":{"rendered":"<div data-elementor-type=\"wp-page\" data-elementor-id=\"1780\" class=\"elementor elementor-1780\">\n\t\t\t\t<div class=\"elementor-element elementor-element-4edab931 e-flex e-con-boxed e-con e-parent\" data-id=\"4edab931\" data-element_type=\"container\" data-e-type=\"container\" data-settings=\"{&quot;background_background&quot;:&quot;classic&quot;}\">\n\t\t\t\t\t<div class=\"e-con-inner\">\n\t\t<div class=\"elementor-element elementor-element-57f961e6 e-con-full e-flex e-con e-child\" data-id=\"57f961e6\" data-element_type=\"container\" data-e-type=\"container\">\n\t\t\t\t<div class=\"elementor-element elementor-element-6d40a504 elementor-widget__width-inherit elementor-absolute elementor-widget elementor-widget-heading\" data-id=\"6d40a504\" data-element_type=\"widget\" data-e-type=\"widget\" data-settings=\"{&quot;_position&quot;:&quot;absolute&quot;}\" data-widget_type=\"heading.default\">\n\t\t\t\t<div class=\"elementor-widget-container\">\n\t\t\t\t\t<h2 class=\"elementor-heading-title elementor-size-default\">File Conversion<\/h2>\t\t\t\t<\/div>\n\t\t\t\t<\/div>\n\t\t\t\t<\/div>\n\t\t\t\t\t<\/div>\n\t\t\t\t<\/div>\n\t\t<div class=\"elementor-element elementor-element-4e393cff e-flex e-con-boxed e-con e-parent\" data-id=\"4e393cff\" data-element_type=\"container\" data-e-type=\"container\">\n\t\t\t\t\t<div class=\"e-con-inner\">\n\t\t<div class=\"elementor-element elementor-element-62110f8e e-con-full e-flex e-con e-child\" data-id=\"62110f8e\" data-element_type=\"container\" data-e-type=\"container\">\n\t\t\t\t<div class=\"elementor-element elementor-element-f97ee5a elementor-widget elementor-widget-image\" data-id=\"f97ee5a\" data-element_type=\"widget\" data-e-type=\"widget\" data-widget_type=\"image.default\">\n\t\t\t\t<div class=\"elementor-widget-container\">\n\t\t\t\t\t\t\t\t\t\t\t\t\t\t\t<img fetchpriority=\"high\" decoding=\"async\" width=\"653\" height=\"435\" src=\"https:\/\/studiokonstrukcji.com\/wp-content\/uploads\/2025\/05\/zdjecie-konwersja-plikow-1.png\" class=\"attachment-medium_large size-medium_large wp-image-2499\" alt=\"\" srcset=\"https:\/\/studiokonstrukcji.com\/wp-content\/uploads\/2025\/05\/zdjecie-konwersja-plikow-1.png 653w, https:\/\/studiokonstrukcji.com\/wp-content\/uploads\/2025\/05\/zdjecie-konwersja-plikow-1-300x200.png 300w\" sizes=\"(max-width: 653px) 100vw, 653px\" \/>\t\t\t\t\t\t\t\t\t\t\t\t\t\t\t<\/div>\n\t\t\t\t<\/div>\n\t\t\t\t<\/div>\n\t\t<div class=\"elementor-element elementor-element-1d7d6d70 e-con-full e-flex e-con e-child\" data-id=\"1d7d6d70\" data-element_type=\"container\" data-e-type=\"container\">\n\t\t\t\t<div class=\"elementor-element elementor-element-15ce707e elementor-widget elementor-widget-text-editor\" data-id=\"15ce707e\" data-element_type=\"widget\" data-e-type=\"widget\" data-widget_type=\"text-editor.default\">\n\t\t\t\t<div class=\"elementor-widget-container\">\n\t\t\t\t\t\t\t\t\t<p class=\"\" data-start=\"204\" data-end=\"513\">I can store your garment model files in a secure database, allowing quick access to your projects and convenient management in the future. Additionally, I offer the option to export models in various formats tailored to your specific needs.<\/p><p class=\"translation-block\" data-start=\"515\" data-end=\"809\">Thanks to the file conversion feature, I can deliver finished templates in AAMA (.dxf) and ASTM (.dxf) formats\u2014these are widely used industry standards in the fashion sector, enabling seamless data exchange between different garment pattern making and grading software.<\/p>\t\t\t\t\t\t\t\t<\/div>\n\t\t\t\t<\/div>\n\t\t\t\t<\/div>\n\t\t\t\t\t<\/div>\n\t\t\t\t<\/div>\n\t\t\t\t<\/div>","protected":false},"excerpt":{"rendered":"<p>Konwersja plik\u00f3w Twoje pliki z modelami odzie\u017cowymi mog\u0119 przechowywa\u0107 w bezpiecznej bazie danych, co pozwala na szybki dost\u0119p do projekt\u00f3w i wygodne zarz\u0105dzanie nimi w przysz\u0142o\u015bci. Dodatkowo oferuj\u0119 mo\u017cliwo\u015b\u0107 eksportu modeli w r\u00f3\u017cnych formatach, dopasowanych do potrzeb. Dzi\u0119ki funkcji konwersji plik\u00f3w, mog\u0119 przes\u0142a\u0107 gotowe szablony w formatach AAMA (.dxf) i ASTM (.dxf) \u2013 to powszechnie [&hellip;]<\/p>\n","protected":false},"author":1,"featured_media":2499,"parent":0,"menu_order":0,"comment_status":"closed","ping_status":"closed","template":"page-no-title","meta":{"footnotes":""},"class_list":["post-1780","page","type-page","status-publish","has-post-thumbnail","hentry"],"rttpg_featured_image_url":{"full":["https:\/\/studiokonstrukcji.com\/wp-content\/uploads\/2025\/05\/zdjecie-konwersja-plikow-1.png",653,435,false],"landscape":["https:\/\/studiokonstrukcji.com\/wp-content\/uploads\/2025\/05\/zdjecie-konwersja-plikow-1.png",653,435,false],"portraits":["https:\/\/studiokonstrukcji.com\/wp-content\/uploads\/2025\/05\/zdjecie-konwersja-plikow-1.png",653,435,false],"thumbnail":["https:\/\/studiokonstrukcji.com\/wp-content\/uploads\/2025\/05\/zdjecie-konwersja-plikow-1-150x150.png",150,150,true],"medium":["https:\/\/studiokonstrukcji.com\/wp-content\/uploads\/2025\/05\/zdjecie-konwersja-plikow-1-300x200.png",300,200,true],"large":["https:\/\/studiokonstrukcji.com\/wp-content\/uploads\/2025\/05\/zdjecie-konwersja-plikow-1.png",653,435,false],"1536x1536":["https:\/\/studiokonstrukcji.com\/wp-content\/uploads\/2025\/05\/zdjecie-konwersja-plikow-1.png",653,435,false],"2048x2048":["https:\/\/studiokonstrukcji.com\/wp-content\/uploads\/2025\/05\/zdjecie-konwersja-plikow-1.png",653,435,false],"trp-custom-language-flag":["https:\/\/studiokonstrukcji.com\/wp-content\/uploads\/2025\/05\/zdjecie-konwersja-plikow-1.png",18,12,false]},"rttpg_author":{"display_name":"admin-6hqvsfuH","author_link":"http:\/\/studiokonstrukcji.com\/en\/author\/admin-6hqvsfuh\/"},"rttpg_comment":0,"rttpg_category":null,"rttpg_excerpt":"Konwersja plik\u00f3w Twoje pliki z modelami odzie\u017cowymi mog\u0119 przechowywa\u0107 w bezpiecznej bazie danych, co pozwala na szybki dost\u0119p do projekt\u00f3w i wygodne zarz\u0105dzanie nimi w przysz\u0142o\u015bci. Dodatkowo oferuj\u0119 mo\u017cliwo\u015b\u0107 eksportu modeli w r\u00f3\u017cnych formatach, dopasowanych do potrzeb. Dzi\u0119ki funkcji konwersji plik\u00f3w, mog\u0119 przes\u0142a\u0107 gotowe szablony w formatach AAMA (.dxf) i ASTM (.dxf) \u2013 to powszechnie&hellip;","_links":{"self":[{"href":"http:\/\/studiokonstrukcji.com\/en\/wp-json\/wp\/v2\/pages\/1780","targetHints":{"allow":["GET"]}}],"collection":[{"href":"http:\/\/studiokonstrukcji.com\/en\/wp-json\/wp\/v2\/pages"}],"about":[{"href":"http:\/\/studiokonstrukcji.com\/en\/wp-json\/wp\/v2\/types\/page"}],"author":[{"embeddable":true,"href":"http:\/\/studiokonstrukcji.com\/en\/wp-json\/wp\/v2\/users\/1"}],"replies":[{"embeddable":true,"href":"http:\/\/studiokonstrukcji.com\/en\/wp-json\/wp\/v2\/comments?post=1780"}],"version-history":[{"count":16,"href":"http:\/\/studiokonstrukcji.com\/en\/wp-json\/wp\/v2\/pages\/1780\/revisions"}],"predecessor-version":[{"id":2515,"href":"http:\/\/studiokonstrukcji.com\/en\/wp-json\/wp\/v2\/pages\/1780\/revisions\/2515"}],"wp:featuredmedia":[{"embeddable":true,"href":"http:\/\/studiokonstrukcji.com\/en\/wp-json\/wp\/v2\/media\/2499"}],"wp:attachment":[{"href":"http:\/\/studiokonstrukcji.com\/en\/wp-json\/wp\/v2\/media?parent=1780"}],"curies":[{"name":"wp","href":"https:\/\/api.w.org\/{rel}","templated":true}]}}