{"id":1804,"date":"2025-05-05T11:37:29","date_gmt":"2025-05-05T09:37:29","guid":{"rendered":"https:\/\/fabrykakonstrukcji.pl\/?page_id=1804"},"modified":"2025-05-29T22:13:26","modified_gmt":"2025-05-29T20:13:26","slug":"odszywanie-pierwowzorow","status":"publish","type":"page","link":"http:\/\/studiokonstrukcji.com\/en\/odszywanie-pierwowzorow\/","title":{"rendered":"Prototype Sewing"},"content":{"rendered":"<div data-elementor-type=\"wp-page\" data-elementor-id=\"1804\" class=\"elementor elementor-1804\">\n\t\t\t\t<div class=\"elementor-element elementor-element-122bf205 e-flex e-con-boxed e-con e-parent\" data-id=\"122bf205\" data-element_type=\"container\" data-e-type=\"container\" data-settings=\"{&quot;background_background&quot;:&quot;classic&quot;}\">\n\t\t\t\t\t<div class=\"e-con-inner\">\n\t\t<div class=\"elementor-element elementor-element-307ad6b8 e-con-full e-flex e-con e-child\" data-id=\"307ad6b8\" data-element_type=\"container\" data-e-type=\"container\">\n\t\t\t\t<div class=\"elementor-element elementor-element-59ce4f07 elementor-widget__width-inherit elementor-absolute elementor-widget elementor-widget-heading\" data-id=\"59ce4f07\" data-element_type=\"widget\" data-e-type=\"widget\" data-settings=\"{&quot;_position&quot;:&quot;absolute&quot;}\" data-widget_type=\"heading.default\">\n\t\t\t\t<div class=\"elementor-widget-container\">\n\t\t\t\t\t<h2 class=\"elementor-heading-title elementor-size-default\">Prototype Sewing<\/h2>\t\t\t\t<\/div>\n\t\t\t\t<\/div>\n\t\t\t\t<\/div>\n\t\t\t\t\t<\/div>\n\t\t\t\t<\/div>\n\t\t<div class=\"elementor-element elementor-element-aa235dc e-flex e-con-boxed e-con e-parent\" data-id=\"aa235dc\" data-element_type=\"container\" data-e-type=\"container\">\n\t\t\t\t\t<div class=\"e-con-inner\">\n\t\t\t\t<div class=\"elementor-element elementor-element-67126f8 elementor-widget__width-auto elementor-widget elementor-widget-timeline-widget-addon\" data-id=\"67126f8\" data-element_type=\"widget\" data-e-type=\"widget\" data-settings=\"{&quot;_animation&quot;:&quot;none&quot;}\" data-widget_type=\"timeline-widget-addon.default\">\n\t\t\t\t<div class=\"elementor-widget-container\">\n\t\t\t\t\t<!-- ========= Timeline Widget Addon For Elementor 1.6.24 ========= -->\n<div id=\"twae-wrapper-67126f8\" class=\"twae-vertical twae-wrapper  twae-both-sided\">   \n    <div class=\"twae-start\"><\/div>    \n    <div id=\"twea-timeline-67126f8\" class=\"twae-timeline\" ><!-- Start of Story Repeater Content --><div id=\"story-cfb61c0\" class=\"twae-story twae-repeater-item twae-story-right twae-story-no-icon\"><!-- Story Label --><div class=\"twae-labels\"><div class=\"twae-label-big\">Step One<\/div><\/div><!-- Story Icon Dot --><div class=\"twae-icondot\"><\/div><!-- Story Arrow --><div class=\"twae-arrow\"><\/div><!-- Start of Story Content --><div class=\"twae-content\"><!-- Story Description --><div class=\"twae-description\"><p style=\"text-align: left\">The first sample is sewn based on the developed patterns and using the fabrics you provide.<\/p><\/div><\/div><\/div><!-- Start of Story Repeater Content --><div id=\"story-9e682bf\" class=\"twae-story twae-repeater-item twae-story-left twae-story-no-icon\"><!-- Story Label --><div class=\"twae-labels\"><div class=\"twae-label-big\">Step Two<\/div><\/div><!-- Story Icon Dot --><div class=\"twae-icondot\"><\/div><!-- Story Arrow --><div class=\"twae-arrow\"><\/div><!-- Start of Story Content --><div class=\"twae-content\"><!-- Story Description --><div class=\"twae-description\"><p style=\"text-align: right\">Next, ideally with your participation, we review the prototype together\u2014checking whether the model matches the sketch, the design, and your expectations, and whether it fits properly.\nIt\u2019s important to try the prototype on the model (or person) you\u2019ve selected. This step also allows us to eliminate any technical issues, such as those related to sewing techniques.\nDepending on your needs, I make corrections to the sewn model and adjust the pattern to achieve a result that satisfies you. At this stage, we also approve the base size.<\/p><\/div><\/div><\/div><!-- Start of Story Repeater Content --><div id=\"story-2b3b586\" class=\"twae-story twae-repeater-item twae-story-right twae-story-no-icon\"><!-- Story Label --><div class=\"twae-labels\"><div class=\"twae-label-big\">Step Three<\/div><\/div><!-- Story Icon Dot --><div class=\"twae-icondot\"><\/div><!-- Story Arrow --><div class=\"twae-arrow\"><\/div><!-- Start of Story Content --><div class=\"twae-content\"><!-- Story Description --><div class=\"twae-description\"><p style=\"text-align: left\">Once the prototype is approved, I move on to the next stage: grading.<\/p><\/div><\/div><\/div><\/div>\n    <div class=\"twae-end\"><\/div>\n    <\/div><style type=\"text\/css\">@media (max-width: 1024px){ .twae-wrapper{--tw-ybx-size: 80px !important;}}@media (max-width: 767px){ .twae-wrapper{--tw-ybx-size: 80px !important}}<\/style>\t\t\t\t<\/div>\n\t\t\t\t<\/div>\n\t\t\t\t\t<\/div>\n\t\t\t\t<\/div>\n\t\t\t\t<\/div>","protected":false},"excerpt":{"rendered":"<p>Odszywanie pierwowzor\u00f3w pierwszy krok Pierwszy wz\u00f3r odszywam na podstawie opracowanych szablon\u00f3w z powierzonych przez Ciebie tkanin. drugi krok Nast\u0119pnie, najlepiej z Twoim udzia\u0142em, komentujemy \u2013 sprawdzamy, czy model zgadza si\u0119 z rysunkiem, wzorem i Twoimi oczekiwaniami, czy nale\u017cycie si\u0119 uk\u0142ada. Istotne jest zmierzenie pierwowzoru na wybranej przez Ciebie modelce (modelu). Stworzenie wzoru daje r\u00f3wnie\u017c mo\u017cliwo\u015b\u0107 [&hellip;]<\/p>\n","protected":false},"author":1,"featured_media":2736,"parent":0,"menu_order":0,"comment_status":"closed","ping_status":"closed","template":"page-no-title","meta":{"footnotes":""},"class_list":["post-1804","page","type-page","status-publish","has-post-thumbnail","hentry"],"rttpg_featured_image_url":{"full":["https:\/\/studiokonstrukcji.com\/wp-content\/uploads\/2025\/05\/fabryka-konstrukcji-13.png",804,615,false],"landscape":["https:\/\/studiokonstrukcji.com\/wp-content\/uploads\/2025\/05\/fabryka-konstrukcji-13.png",804,615,false],"portraits":["https:\/\/studiokonstrukcji.com\/wp-content\/uploads\/2025\/05\/fabryka-konstrukcji-13.png",804,615,false],"thumbnail":["https:\/\/studiokonstrukcji.com\/wp-content\/uploads\/2025\/05\/fabryka-konstrukcji-13-150x150.png",150,150,true],"medium":["https:\/\/studiokonstrukcji.com\/wp-content\/uploads\/2025\/05\/fabryka-konstrukcji-13-300x229.png",300,229,true],"large":["https:\/\/studiokonstrukcji.com\/wp-content\/uploads\/2025\/05\/fabryka-konstrukcji-13.png",804,615,false],"1536x1536":["https:\/\/studiokonstrukcji.com\/wp-content\/uploads\/2025\/05\/fabryka-konstrukcji-13.png",804,615,false],"2048x2048":["https:\/\/studiokonstrukcji.com\/wp-content\/uploads\/2025\/05\/fabryka-konstrukcji-13.png",804,615,false],"trp-custom-language-flag":["https:\/\/studiokonstrukcji.com\/wp-content\/uploads\/2025\/05\/fabryka-konstrukcji-13.png",16,12,false]},"rttpg_author":{"display_name":"admin-6hqvsfuH","author_link":"http:\/\/studiokonstrukcji.com\/en\/author\/admin-6hqvsfuh\/"},"rttpg_comment":0,"rttpg_category":null,"rttpg_excerpt":"Odszywanie pierwowzor\u00f3w pierwszy krok Pierwszy wz\u00f3r odszywam na podstawie opracowanych szablon\u00f3w z powierzonych przez Ciebie tkanin. drugi krok Nast\u0119pnie, najlepiej z Twoim udzia\u0142em, komentujemy \u2013 sprawdzamy, czy model zgadza si\u0119 z rysunkiem, wzorem i Twoimi oczekiwaniami, czy nale\u017cycie si\u0119 uk\u0142ada. Istotne jest zmierzenie pierwowzoru na wybranej przez Ciebie modelce (modelu). Stworzenie wzoru daje r\u00f3wnie\u017c mo\u017cliwo\u015b\u0107&hellip;","_links":{"self":[{"href":"http:\/\/studiokonstrukcji.com\/en\/wp-json\/wp\/v2\/pages\/1804","targetHints":{"allow":["GET"]}}],"collection":[{"href":"http:\/\/studiokonstrukcji.com\/en\/wp-json\/wp\/v2\/pages"}],"about":[{"href":"http:\/\/studiokonstrukcji.com\/en\/wp-json\/wp\/v2\/types\/page"}],"author":[{"embeddable":true,"href":"http:\/\/studiokonstrukcji.com\/en\/wp-json\/wp\/v2\/users\/1"}],"replies":[{"embeddable":true,"href":"http:\/\/studiokonstrukcji.com\/en\/wp-json\/wp\/v2\/comments?post=1804"}],"version-history":[{"count":85,"href":"http:\/\/studiokonstrukcji.com\/en\/wp-json\/wp\/v2\/pages\/1804\/revisions"}],"predecessor-version":[{"id":3005,"href":"http:\/\/studiokonstrukcji.com\/en\/wp-json\/wp\/v2\/pages\/1804\/revisions\/3005"}],"wp:featuredmedia":[{"embeddable":true,"href":"http:\/\/studiokonstrukcji.com\/en\/wp-json\/wp\/v2\/media\/2736"}],"wp:attachment":[{"href":"http:\/\/studiokonstrukcji.com\/en\/wp-json\/wp\/v2\/media?parent=1804"}],"curies":[{"name":"wp","href":"https:\/\/api.w.org\/{rel}","templated":true}]}}