{"id":2262,"date":"2025-05-25T21:14:33","date_gmt":"2025-05-25T19:14:33","guid":{"rendered":"https:\/\/fabrykakonstrukcji.pl\/?page_id=2262"},"modified":"2025-06-04T21:50:36","modified_gmt":"2025-06-04T19:50:36","slug":"cennik","status":"publish","type":"page","link":"http:\/\/studiokonstrukcji.com\/en\/cennik\/","title":{"rendered":"Pricing"},"content":{"rendered":"<div data-elementor-type=\"wp-page\" data-elementor-id=\"2262\" class=\"elementor elementor-2262\">\n\t\t\t\t<div class=\"elementor-element elementor-element-5023a58f e-flex e-con-boxed e-con e-parent\" data-id=\"5023a58f\" data-element_type=\"container\" data-e-type=\"container\" data-settings=\"{&quot;background_background&quot;:&quot;classic&quot;}\">\n\t\t\t\t\t<div class=\"e-con-inner\">\n\t\t<div class=\"elementor-element elementor-element-4dbc008c e-con-full e-flex e-con e-child\" data-id=\"4dbc008c\" data-element_type=\"container\" data-e-type=\"container\">\n\t\t\t\t<div class=\"elementor-element elementor-element-a4e2371 elementor-widget__width-inherit elementor-absolute elementor-widget elementor-widget-heading\" data-id=\"a4e2371\" data-element_type=\"widget\" data-e-type=\"widget\" data-settings=\"{&quot;_position&quot;:&quot;absolute&quot;}\" data-widget_type=\"heading.default\">\n\t\t\t\t<div class=\"elementor-widget-container\">\n\t\t\t\t\t<h2 class=\"elementor-heading-title elementor-size-default\">Pricing<\/h2>\t\t\t\t<\/div>\n\t\t\t\t<\/div>\n\t\t\t\t<\/div>\n\t\t\t\t\t<\/div>\n\t\t\t\t<\/div>\n\t\t<div class=\"elementor-element elementor-element-8fd01d7 e-flex e-con-boxed e-con e-parent\" data-id=\"8fd01d7\" data-element_type=\"container\" data-e-type=\"container\">\n\t\t\t\t\t<div class=\"e-con-inner\">\n\t\t<div class=\"elementor-element elementor-element-4b75aed e-con-full e-flex e-con e-child\" data-id=\"4b75aed\" data-element_type=\"container\" data-e-type=\"container\">\n\t\t<div class=\"elementor-element elementor-element-4b48006 e-con-full e-flex e-con e-child\" data-id=\"4b48006\" data-element_type=\"container\" data-e-type=\"container\">\n\t\t\t\t<div class=\"elementor-element elementor-element-921881f elementor-widget elementor-widget-heading\" data-id=\"921881f\" data-element_type=\"widget\" data-e-type=\"widget\" data-widget_type=\"heading.default\">\n\t\t\t\t<div class=\"elementor-widget-container\">\n\t\t\t\t\t<h2 class=\"elementor-heading-title elementor-size-default\">Garment Construction (starting prices):<\/h2>\t\t\t\t<\/div>\n\t\t\t\t<\/div>\n\t\t\t\t<div class=\"elementor-element elementor-element-b2bd28a elementor-widget elementor-widget-shortcode\" data-id=\"b2bd28a\" data-element_type=\"widget\" data-e-type=\"widget\" data-widget_type=\"shortcode.default\">\n\t\t\t\t<div class=\"elementor-widget-container\">\n\t\t\t\t\t\t\t<div class=\"elementor-shortcode\">\n<table id=\"tablepress-1\" class=\"tablepress tablepress-id-1\">\n<thead>\n<tr class=\"row-1\">\n\t<th class=\"column-1\">Garment Type<\/th><th class=\"column-2\">Knitwear (net)<\/th><th class=\"column-3\">Woven Fabric (net)<\/th>\n<\/tr>\n<\/thead>\n<tbody class=\"row-striping\">\n<tr class=\"row-2\">\n\t<td class=\"column-1\">T-shirt \/ Top \/ Tunic<\/td><td class=\"column-2\">120 PLN<\/td><td class=\"column-3\">130 PLN<\/td>\n<\/tr>\n<tr class=\"row-3\">\n\t<td class=\"column-1\">Blouse \/ Shirt<\/td><td class=\"column-2\">150 PLN<\/td><td class=\"column-3\">170 PLN<\/td>\n<\/tr>\n<tr class=\"row-4\">\n\t<td class=\"column-1\">Skirt<\/td><td class=\"column-2\">150 PLN<\/td><td class=\"column-3\">170 PLN<\/td>\n<\/tr>\n<tr class=\"row-5\">\n\t<td class=\"column-1\">Dress<\/td><td class=\"column-2\">180 PLN<\/td><td class=\"column-3\">200 PLN<\/td>\n<\/tr>\n<tr class=\"row-6\">\n\t<td class=\"column-1\">Trousers \/ Pants<\/td><td class=\"column-2\">230 PLN<\/td><td class=\"column-3\">250 PLN<\/td>\n<\/tr>\n<tr class=\"row-7\">\n\t<td class=\"column-1\">Jacket \/ Blazer<\/td><td class=\"column-2\">300 PLN<\/td><td class=\"column-3\">350 PLN<\/td>\n<\/tr>\n<tr class=\"row-8\">\n\t<td class=\"column-1\">Coat (short)<\/td><td class=\"column-2\">300 PLN<\/td><td class=\"column-3\">350 PLN<\/td>\n<\/tr>\n<tr class=\"row-9\">\n\t<td class=\"column-1\">Overcoat \/ Long Coat<\/td><td class=\"column-2\">500 PLN<\/td><td class=\"column-3\">550 PLN<\/td>\n<\/tr>\n<\/tbody>\n<\/table>\n<!-- #tablepress-1 from cache --><\/div>\n\t\t\t\t\t\t<\/div>\n\t\t\t\t<\/div>\n\t\t\t\t<\/div>\n\t\t\t\t<\/div>\n\t\t<div class=\"elementor-element elementor-element-76674f6 e-con-full e-flex e-con e-child\" data-id=\"76674f6\" data-element_type=\"container\" data-e-type=\"container\">\n\t\t<div class=\"elementor-element elementor-element-92c77da e-con-full e-flex e-con e-child\" data-id=\"92c77da\" data-element_type=\"container\" data-e-type=\"container\">\n\t\t\t\t<div class=\"elementor-element elementor-element-df1541f elementor-widget elementor-widget-heading\" data-id=\"df1541f\" data-element_type=\"widget\" data-e-type=\"widget\" data-widget_type=\"heading.default\">\n\t\t\t\t<div class=\"elementor-widget-container\">\n\t\t\t\t\t<h2 class=\"elementor-heading-title elementor-size-default\">Additional Services:<\/h2>\t\t\t\t<\/div>\n\t\t\t\t<\/div>\n\t\t\t\t<div class=\"elementor-element elementor-element-a7468e1 elementor-widget elementor-widget-shortcode\" data-id=\"a7468e1\" data-element_type=\"widget\" data-e-type=\"widget\" data-widget_type=\"shortcode.default\">\n\t\t\t\t<div class=\"elementor-widget-container\">\n\t\t\t\t\t\t\t<div class=\"elementor-shortcode\">\n<table id=\"tablepress-2\" class=\"tablepress tablepress-id-2\">\n<thead>\n<tr class=\"row-1\">\n\t<th class=\"column-1\">Service<\/th><th class=\"column-2\">Starting Price (net)<\/th>\n<\/tr>\n<\/thead>\n<tbody class=\"row-striping\">\n<tr class=\"row-2\">\n\t<td class=\"column-1\">Grading (per size)<\/td><td class=\"column-2\">40 PLN - 50% of the construction price<\/td>\n<\/tr>\n<tr class=\"row-3\">\n\t<td class=\"column-1\">Pattern digitization<\/td><td class=\"column-2\">40% \u2013 60% of the construction price<\/td>\n<\/tr>\n<tr class=\"row-4\">\n\t<td class=\"column-1\">Printout of cutting layout (per meter)<\/td><td class=\"column-2\">10 PLN\/meter<\/td>\n<\/tr>\n<tr class=\"row-5\">\n\t<td class=\"column-1\">Prototype sewing (sample garment)<\/td><td class=\"column-2\">75% \u2013 100% of the construction price<\/td>\n<\/tr>\n<tr class=\"row-6\">\n\t<td class=\"column-1\">Test sewing (without corrections)<\/td><td class=\"column-2\">50% of the construction price<\/td>\n<\/tr>\n<tr class=\"row-7\">\n\t<td class=\"column-1\">Applying corrections to client\u2019s patterns<\/td><td class=\"column-2\">from 25% of the construction price<\/td>\n<\/tr>\n<\/tbody>\n<\/table>\n<!-- #tablepress-2 from cache --><\/div>\n\t\t\t\t\t\t<\/div>\n\t\t\t\t<\/div>\n\t\t\t\t<\/div>\n\t\t\t\t<\/div>\n\t\t\t\t\t<\/div>\n\t\t\t\t<\/div>\n\t\t<div class=\"elementor-element elementor-element-6cb78cd e-flex e-con-boxed e-con e-parent\" data-id=\"6cb78cd\" data-element_type=\"container\" data-e-type=\"container\">\n\t\t\t\t\t<div class=\"e-con-inner\">\n\t\t<div class=\"elementor-element elementor-element-9b7626d e-con-full e-flex e-con e-child\" data-id=\"9b7626d\" data-element_type=\"container\" data-e-type=\"container\">\n\t\t<div class=\"elementor-element elementor-element-18dc79f e-con-full e-flex e-con e-child\" data-id=\"18dc79f\" data-element_type=\"container\" data-e-type=\"container\">\n\t\t\t\t<div class=\"elementor-element elementor-element-26c9737 elementor-widget elementor-widget-heading\" data-id=\"26c9737\" data-element_type=\"widget\" data-e-type=\"widget\" data-widget_type=\"heading.default\">\n\t\t\t\t<div class=\"elementor-widget-container\">\n\t\t\t\t\t<h2 class=\"elementor-heading-title elementor-size-default\">Patterns for Bags, Backpacks, and Covers<\/h2>\t\t\t\t<\/div>\n\t\t\t\t<\/div>\n\t\t\t\t<div class=\"elementor-element elementor-element-6322d67 elementor-widget elementor-widget-text-editor\" data-id=\"6322d67\" data-element_type=\"widget\" data-e-type=\"widget\" data-widget_type=\"text-editor.default\">\n\t\t\t\t<div class=\"elementor-widget-container\">\n\t\t\t\t\t\t\t\t\t<p>We offer the possibility of preparing patterns for:<\/p><ul><li>Bags<\/li><li>Backpacks<\/li><li>Upholstered furniture covers<\/li><\/ul><p>Prices are determined individually based on the complexity of the project and client requirements.<\/p>\t\t\t\t\t\t\t\t<\/div>\n\t\t\t\t<\/div>\n\t\t\t\t<\/div>\n\t\t\t\t<\/div>\n\t\t<div class=\"elementor-element elementor-element-b689ec8 e-con-full e-flex e-con e-child\" data-id=\"b689ec8\" data-element_type=\"container\" data-e-type=\"container\">\n\t\t<div class=\"elementor-element elementor-element-6d632ac e-con-full e-flex e-con e-child\" data-id=\"6d632ac\" data-element_type=\"container\" data-e-type=\"container\">\n\t\t\t\t<div class=\"elementor-element elementor-element-520765e elementor-widget elementor-widget-heading\" data-id=\"520765e\" data-element_type=\"widget\" data-e-type=\"widget\" data-widget_type=\"heading.default\">\n\t\t\t\t<div class=\"elementor-widget-container\">\n\t\t\t\t\t<h2 class=\"elementor-heading-title elementor-size-default\">Technical Consulting and Training<\/h2>\t\t\t\t<\/div>\n\t\t\t\t<\/div>\n\t\t\t\t<div class=\"elementor-element elementor-element-6562c4b elementor-widget elementor-widget-text-editor\" data-id=\"6562c4b\" data-element_type=\"widget\" data-e-type=\"widget\" data-widget_type=\"text-editor.default\">\n\t\t\t\t<div class=\"elementor-widget-container\">\n\t\t\t\t\t\t\t\t\t<p>We also provide:<\/p><ul><li>Technical consulting in the field of garment construction and clothing technology<\/li><li>Training in garment construction and sewing technology<\/li><\/ul><p>The pricing for these services is agreed individually, depending on the scope and form of cooperation.<\/p>\t\t\t\t\t\t\t\t<\/div>\n\t\t\t\t<\/div>\n\t\t\t\t<\/div>\n\t\t\t\t<\/div>\n\t\t\t\t\t<\/div>\n\t\t\t\t<\/div>\n\t\t\t\t<\/div>","protected":false},"excerpt":{"rendered":"<p>Cennik Konstrukcje odzie\u017cowe (ceny od): Us\u0142ugi dodatkowe: Szablony na torby, plecaki i pokrowce: Oferujemy mo\u017cliwo\u015b\u0107 przygotowania szablon\u00f3w na: Torby Plecaki Pokrowce na meble tapicerowane Ceny ustalane s\u0105 indywidualnie, w zale\u017cno\u015bci od stopnia skomplikowania projektu oraz wymaga\u0144 klienta. Doradztwo technologiczne i szkolenia: \u015awiadczymy r\u00f3wnie\u017c us\u0142ugi: Doradztwa technologicznego w zakresie konstrukcji i technologii odzie\u017cowej Szkole\u0144 z zakresu [&hellip;]<\/p>\n","protected":false},"author":1,"featured_media":0,"parent":0,"menu_order":0,"comment_status":"closed","ping_status":"closed","template":"page-no-title","meta":{"footnotes":""},"class_list":["post-2262","page","type-page","status-publish","hentry"],"rttpg_featured_image_url":null,"rttpg_author":{"display_name":"admin-6hqvsfuH","author_link":"http:\/\/studiokonstrukcji.com\/en\/author\/admin-6hqvsfuh\/"},"rttpg_comment":0,"rttpg_category":null,"rttpg_excerpt":"Cennik Konstrukcje odzie\u017cowe (ceny od): Us\u0142ugi dodatkowe: Szablony na torby, plecaki i pokrowce: Oferujemy mo\u017cliwo\u015b\u0107 przygotowania szablon\u00f3w na: Torby Plecaki Pokrowce na meble tapicerowane Ceny ustalane s\u0105 indywidualnie, w zale\u017cno\u015bci od stopnia skomplikowania projektu oraz wymaga\u0144 klienta. Doradztwo technologiczne i szkolenia: \u015awiadczymy r\u00f3wnie\u017c us\u0142ugi: Doradztwa technologicznego w zakresie konstrukcji i technologii odzie\u017cowej Szkole\u0144 z zakresu&hellip;","_links":{"self":[{"href":"http:\/\/studiokonstrukcji.com\/en\/wp-json\/wp\/v2\/pages\/2262","targetHints":{"allow":["GET"]}}],"collection":[{"href":"http:\/\/studiokonstrukcji.com\/en\/wp-json\/wp\/v2\/pages"}],"about":[{"href":"http:\/\/studiokonstrukcji.com\/en\/wp-json\/wp\/v2\/types\/page"}],"author":[{"embeddable":true,"href":"http:\/\/studiokonstrukcji.com\/en\/wp-json\/wp\/v2\/users\/1"}],"replies":[{"embeddable":true,"href":"http:\/\/studiokonstrukcji.com\/en\/wp-json\/wp\/v2\/comments?post=2262"}],"version-history":[{"count":61,"href":"http:\/\/studiokonstrukcji.com\/en\/wp-json\/wp\/v2\/pages\/2262\/revisions"}],"predecessor-version":[{"id":3123,"href":"http:\/\/studiokonstrukcji.com\/en\/wp-json\/wp\/v2\/pages\/2262\/revisions\/3123"}],"wp:attachment":[{"href":"http:\/\/studiokonstrukcji.com\/en\/wp-json\/wp\/v2\/media?parent=2262"}],"curies":[{"name":"wp","href":"https:\/\/api.w.org\/{rel}","templated":true}]}}