{"id":1710,"date":"2025-05-04T21:59:32","date_gmt":"2025-05-04T19:59:32","guid":{"rendered":"https:\/\/fabrykakonstrukcji.pl\/?page_id=1710"},"modified":"2025-05-27T22:55:44","modified_gmt":"2025-05-27T20:55:44","slug":"modelowanie-odziezy","status":"publish","type":"page","link":"https:\/\/studiokonstrukcji.com\/en\/modelowanie-odziezy\/","title":{"rendered":"Garment Modeling"},"content":{"rendered":"<div data-elementor-type=\"wp-page\" data-elementor-id=\"1710\" class=\"elementor elementor-1710\">\n\t\t\t\t<div class=\"elementor-element elementor-element-725220 e-flex e-con-boxed e-con e-parent\" data-id=\"725220\" data-element_type=\"container\" data-e-type=\"container\" data-settings=\"{&quot;background_background&quot;:&quot;classic&quot;}\">\n\t\t\t\t\t<div class=\"e-con-inner\">\n\t\t<div class=\"elementor-element elementor-element-7c3dd5e7 e-con-full e-flex e-con e-child\" data-id=\"7c3dd5e7\" data-element_type=\"container\" data-e-type=\"container\">\n\t\t\t\t<div class=\"elementor-element elementor-element-704fab0f elementor-widget__width-inherit elementor-absolute elementor-widget elementor-widget-heading\" data-id=\"704fab0f\" data-element_type=\"widget\" data-e-type=\"widget\" data-settings=\"{&quot;_position&quot;:&quot;absolute&quot;}\" data-widget_type=\"heading.default\">\n\t\t\t\t<div class=\"elementor-widget-container\">\n\t\t\t\t\t<h2 class=\"elementor-heading-title elementor-size-default\">Garment Modeling<\/h2>\t\t\t\t<\/div>\n\t\t\t\t<\/div>\n\t\t\t\t<\/div>\n\t\t\t\t\t<\/div>\n\t\t\t\t<\/div>\n\t\t<div class=\"elementor-element elementor-element-33def0e4 e-flex e-con-boxed e-con e-parent\" data-id=\"33def0e4\" data-element_type=\"container\" data-e-type=\"container\">\n\t\t\t\t\t<div class=\"e-con-inner\">\n\t\t<div class=\"elementor-element elementor-element-538c60a0 e-con-full e-flex e-con e-child\" data-id=\"538c60a0\" data-element_type=\"container\" data-e-type=\"container\">\n\t\t\t\t<div class=\"elementor-element elementor-element-735b6139 elementor-widget elementor-widget-text-editor\" data-id=\"735b6139\" data-element_type=\"widget\" data-e-type=\"widget\" data-widget_type=\"text-editor.default\">\n\t\t\t\t<div class=\"elementor-widget-container\">\n\t\t\t\t\t\t\t\t\t<p class=\"translation-block\" data-start=\"238\" data-end=\"490\">Modeling is one of the key stages in the garment construction process. It involves transforming a basic pattern into a shape that best fits an individual\u2019s body characteristics or aligns with current fashion trends.<\/p><p class=\"\" data-start=\"793\" data-end=\"985\">I always carry out modeling after a consultation and once the project details have been defined\u2014ensuring that the final pattern not only meets your expectations but is also comfortable and practical to wear.<\/p>\t\t\t\t\t\t\t\t<\/div>\n\t\t\t\t<\/div>\n\t\t\t\t<\/div>\n\t\t<div class=\"elementor-element elementor-element-704a51b1 e-con-full e-flex e-con e-child\" data-id=\"704a51b1\" data-element_type=\"container\" data-e-type=\"container\">\n\t\t\t\t<div class=\"elementor-element elementor-element-5fb04c19 elementor-widget elementor-widget-image\" data-id=\"5fb04c19\" data-element_type=\"widget\" data-e-type=\"widget\" data-widget_type=\"image.default\">\n\t\t\t\t<div class=\"elementor-widget-container\">\n\t\t\t\t\t\t\t\t\t\t\t\t\t\t\t<img fetchpriority=\"high\" decoding=\"async\" width=\"741\" height=\"502\" src=\"https:\/\/studiokonstrukcji.com\/wp-content\/uploads\/2025\/05\/fabryka-konstrukcji-12.png\" class=\"attachment-medium_large size-medium_large wp-image-2685\" alt=\"\" srcset=\"https:\/\/studiokonstrukcji.com\/wp-content\/uploads\/2025\/05\/fabryka-konstrukcji-12.png 741w, https:\/\/studiokonstrukcji.com\/wp-content\/uploads\/2025\/05\/fabryka-konstrukcji-12-300x203.png 300w\" sizes=\"(max-width: 741px) 100vw, 741px\" \/>\t\t\t\t\t\t\t\t\t\t\t\t\t\t\t<\/div>\n\t\t\t\t<\/div>\n\t\t\t\t<\/div>\n\t\t\t\t\t<\/div>\n\t\t\t\t<\/div>\n\t\t\t\t<\/div>","protected":false},"excerpt":{"rendered":"<p>Modelowanie odzie\u017cy Modelowanie to jeden z kluczowych etap\u00f3w procesu konstrukcji odzie\u017cy. Polega na przekszta\u0142ceniu bazowej formy konstrukcyjnej ubrania tak, aby jak najlepiej dopasowa\u0107 j\u0105 do indywidualnych cech sylwetki danej osoby lub do aktualnych trend\u00f3w w modzie. Modelowanie wykonuj\u0119 zawsze po konsultacji i ustaleniu szczeg\u00f3\u0142\u00f3w projektu \u2013 tak, aby forma by\u0142a nie tylko zgodna z Twoimi [&hellip;]<\/p>\n","protected":false},"author":1,"featured_media":2685,"parent":0,"menu_order":0,"comment_status":"closed","ping_status":"closed","template":"page-no-title","meta":{"footnotes":""},"class_list":["post-1710","page","type-page","status-publish","has-post-thumbnail","hentry"],"rttpg_featured_image_url":{"full":["https:\/\/studiokonstrukcji.com\/wp-content\/uploads\/2025\/05\/fabryka-konstrukcji-12.png",741,502,false],"landscape":["https:\/\/studiokonstrukcji.com\/wp-content\/uploads\/2025\/05\/fabryka-konstrukcji-12.png",741,502,false],"portraits":["https:\/\/studiokonstrukcji.com\/wp-content\/uploads\/2025\/05\/fabryka-konstrukcji-12.png",741,502,false],"thumbnail":["https:\/\/studiokonstrukcji.com\/wp-content\/uploads\/2025\/05\/fabryka-konstrukcji-12-150x150.png",150,150,true],"medium":["https:\/\/studiokonstrukcji.com\/wp-content\/uploads\/2025\/05\/fabryka-konstrukcji-12-300x203.png",300,203,true],"large":["https:\/\/studiokonstrukcji.com\/wp-content\/uploads\/2025\/05\/fabryka-konstrukcji-12.png",741,502,false],"1536x1536":["https:\/\/studiokonstrukcji.com\/wp-content\/uploads\/2025\/05\/fabryka-konstrukcji-12.png",741,502,false],"2048x2048":["https:\/\/studiokonstrukcji.com\/wp-content\/uploads\/2025\/05\/fabryka-konstrukcji-12.png",741,502,false],"trp-custom-language-flag":["https:\/\/studiokonstrukcji.com\/wp-content\/uploads\/2025\/05\/fabryka-konstrukcji-12.png",18,12,false]},"rttpg_author":{"display_name":"admin-6hqvsfuH","author_link":"https:\/\/studiokonstrukcji.com\/en\/author\/admin-6hqvsfuh\/"},"rttpg_comment":0,"rttpg_category":null,"rttpg_excerpt":"Modelowanie odzie\u017cy Modelowanie to jeden z kluczowych etap\u00f3w procesu konstrukcji odzie\u017cy. Polega na przekszta\u0142ceniu bazowej formy konstrukcyjnej ubrania tak, aby jak najlepiej dopasowa\u0107 j\u0105 do indywidualnych cech sylwetki danej osoby lub do aktualnych trend\u00f3w w modzie. Modelowanie wykonuj\u0119 zawsze po konsultacji i ustaleniu szczeg\u00f3\u0142\u00f3w projektu \u2013 tak, aby forma by\u0142a nie tylko zgodna z Twoimi&hellip;","_links":{"self":[{"href":"https:\/\/studiokonstrukcji.com\/en\/wp-json\/wp\/v2\/pages\/1710","targetHints":{"allow":["GET"]}}],"collection":[{"href":"https:\/\/studiokonstrukcji.com\/en\/wp-json\/wp\/v2\/pages"}],"about":[{"href":"https:\/\/studiokonstrukcji.com\/en\/wp-json\/wp\/v2\/types\/page"}],"author":[{"embeddable":true,"href":"https:\/\/studiokonstrukcji.com\/en\/wp-json\/wp\/v2\/users\/1"}],"replies":[{"embeddable":true,"href":"https:\/\/studiokonstrukcji.com\/en\/wp-json\/wp\/v2\/comments?post=1710"}],"version-history":[{"count":34,"href":"https:\/\/studiokonstrukcji.com\/en\/wp-json\/wp\/v2\/pages\/1710\/revisions"}],"predecessor-version":[{"id":2697,"href":"https:\/\/studiokonstrukcji.com\/en\/wp-json\/wp\/v2\/pages\/1710\/revisions\/2697"}],"wp:featuredmedia":[{"embeddable":true,"href":"https:\/\/studiokonstrukcji.com\/en\/wp-json\/wp\/v2\/media\/2685"}],"wp:attachment":[{"href":"https:\/\/studiokonstrukcji.com\/en\/wp-json\/wp\/v2\/media?parent=1710"}],"curies":[{"name":"wp","href":"https:\/\/api.w.org\/{rel}","templated":true}]}}