{"id":1733,"date":"2025-05-05T10:11:19","date_gmt":"2025-05-05T08:11:19","guid":{"rendered":"https:\/\/fabrykakonstrukcji.pl\/?page_id=1733"},"modified":"2025-06-09T21:51:04","modified_gmt":"2025-06-09T19:51:04","slug":"stopniowanie-szablonow-odziezowych","status":"publish","type":"page","link":"https:\/\/studiokonstrukcji.com\/en\/stopniowanie-szablonow-odziezowych\/","title":{"rendered":"Garment Pattern Grading"},"content":{"rendered":"<div data-elementor-type=\"wp-page\" data-elementor-id=\"1733\" class=\"elementor elementor-1733\">\n\t\t\t\t<div class=\"elementor-element elementor-element-2697c4d8 e-flex e-con-boxed e-con e-parent\" data-id=\"2697c4d8\" data-element_type=\"container\" data-e-type=\"container\" data-settings=\"{&quot;background_background&quot;:&quot;classic&quot;}\">\n\t\t\t\t\t<div class=\"e-con-inner\">\n\t\t<div class=\"elementor-element elementor-element-4ee05929 e-con-full e-flex e-con e-child\" data-id=\"4ee05929\" data-element_type=\"container\" data-e-type=\"container\">\n\t\t\t\t<div class=\"elementor-element elementor-element-1a1d4a8f elementor-widget__width-inherit elementor-absolute elementor-widget elementor-widget-heading\" data-id=\"1a1d4a8f\" data-element_type=\"widget\" data-e-type=\"widget\" data-settings=\"{&quot;_position&quot;:&quot;absolute&quot;}\" data-widget_type=\"heading.default\">\n\t\t\t\t<div class=\"elementor-widget-container\">\n\t\t\t\t\t<h2 class=\"elementor-heading-title elementor-size-default\">Garment Pattern Grading<\/h2>\t\t\t\t<\/div>\n\t\t\t\t<\/div>\n\t\t\t\t<\/div>\n\t\t\t\t\t<\/div>\n\t\t\t\t<\/div>\n\t\t<div class=\"elementor-element elementor-element-42f0767c e-flex e-con-boxed e-con e-parent\" data-id=\"42f0767c\" data-element_type=\"container\" data-e-type=\"container\">\n\t\t\t\t\t<div class=\"e-con-inner\">\n\t\t<div class=\"elementor-element elementor-element-5e1b1213 e-con-full e-flex e-con e-child\" data-id=\"5e1b1213\" data-element_type=\"container\" data-e-type=\"container\">\n\t\t\t\t<div class=\"elementor-element elementor-element-434d4d5 elementor-widget elementor-widget-image\" data-id=\"434d4d5\" data-element_type=\"widget\" data-e-type=\"widget\" data-widget_type=\"image.default\">\n\t\t\t\t<div class=\"elementor-widget-container\">\n\t\t\t\t\t\t\t\t\t\t\t\t\t\t\t<img fetchpriority=\"high\" decoding=\"async\" width=\"653\" height=\"435\" src=\"https:\/\/studiokonstrukcji.com\/wp-content\/uploads\/2025\/05\/zdjecie-stopniowanie-szablonow-odziezowych.png\" class=\"attachment-large size-large wp-image-1956\" alt=\"\" srcset=\"https:\/\/studiokonstrukcji.com\/wp-content\/uploads\/2025\/05\/zdjecie-stopniowanie-szablonow-odziezowych.png 653w, https:\/\/studiokonstrukcji.com\/wp-content\/uploads\/2025\/05\/zdjecie-stopniowanie-szablonow-odziezowych-300x200.png 300w\" sizes=\"(max-width: 653px) 100vw, 653px\" \/>\t\t\t\t\t\t\t\t\t\t\t\t\t\t\t<\/div>\n\t\t\t\t<\/div>\n\t\t\t\t<\/div>\n\t\t<div class=\"elementor-element elementor-element-588d5a3e e-con-full e-flex e-con e-child\" data-id=\"588d5a3e\" data-element_type=\"container\" data-e-type=\"container\">\n\t\t\t\t<div class=\"elementor-element elementor-element-1880596a elementor-widget elementor-widget-text-editor\" data-id=\"1880596a\" data-element_type=\"widget\" data-e-type=\"widget\" data-widget_type=\"text-editor.default\">\n\t\t\t\t<div class=\"elementor-widget-container\">\n\t\t\t\t\t\t\t\t\t<p>Po zatwierdzeniu ostatecznej formy modelu wykonuj\u0119 stopniowanie rozmiar\u00f3w.<\/p>\n<p>Pattern grading is the process of creating additional sizes of a garment. I grade patterns based on both standard and custom-developed size charts.<\/p>\n<p>Thanks to many years of experience, I grade sizes to ensure the garments fit various body types\u2014this is especially important for different kinds of clothing, such as children's wear.<\/p>\n<p>You can order patterns from me in any size you choose.<\/p>\t\t\t\t\t\t\t\t<\/div>\n\t\t\t\t<\/div>\n\t\t\t\t<\/div>\n\t\t\t\t\t<\/div>\n\t\t\t\t<\/div>\n\t\t\t\t<\/div>","protected":false},"excerpt":{"rendered":"<p>Stopniowanie szablon\u00f3w odzie\u017cowych Po zatwierdzeniu ostatecznej formy modelu wykonuj\u0119 stopniowanie rozmiar\u00f3w. Stopniowanie odzie\u017cy to tworzenie dodatkowych rozmiar\u00f3w danego ubrania. Wykonuj\u0119 je zar\u00f3wno na podstawie standardowych, jak i indywidualnie opracowanych tabel rozmiar\u00f3w. Dzi\u0119ki wieloletniemu do\u015bwiadczeniu stopniuj\u0119 rozmiary tak, aby ubrania by\u0142y dopasowane do ka\u017cdego typu sylwetki, co jest bardzo istotne przy ubraniach r\u00f3\u017cnego rodzaju np. dzieci\u0119cych. [&hellip;]<\/p>\n","protected":false},"author":1,"featured_media":1956,"parent":0,"menu_order":0,"comment_status":"closed","ping_status":"closed","template":"page-no-title","meta":{"footnotes":""},"class_list":["post-1733","page","type-page","status-publish","has-post-thumbnail","hentry"],"rttpg_featured_image_url":{"full":["https:\/\/studiokonstrukcji.com\/wp-content\/uploads\/2025\/05\/zdjecie-stopniowanie-szablonow-odziezowych.png",653,435,false],"landscape":["https:\/\/studiokonstrukcji.com\/wp-content\/uploads\/2025\/05\/zdjecie-stopniowanie-szablonow-odziezowych.png",653,435,false],"portraits":["https:\/\/studiokonstrukcji.com\/wp-content\/uploads\/2025\/05\/zdjecie-stopniowanie-szablonow-odziezowych.png",653,435,false],"thumbnail":["https:\/\/studiokonstrukcji.com\/wp-content\/uploads\/2025\/05\/zdjecie-stopniowanie-szablonow-odziezowych-150x150.png",150,150,true],"medium":["https:\/\/studiokonstrukcji.com\/wp-content\/uploads\/2025\/05\/zdjecie-stopniowanie-szablonow-odziezowych-300x200.png",300,200,true],"large":["https:\/\/studiokonstrukcji.com\/wp-content\/uploads\/2025\/05\/zdjecie-stopniowanie-szablonow-odziezowych.png",653,435,false],"1536x1536":["https:\/\/studiokonstrukcji.com\/wp-content\/uploads\/2025\/05\/zdjecie-stopniowanie-szablonow-odziezowych.png",653,435,false],"2048x2048":["https:\/\/studiokonstrukcji.com\/wp-content\/uploads\/2025\/05\/zdjecie-stopniowanie-szablonow-odziezowych.png",653,435,false],"trp-custom-language-flag":["https:\/\/studiokonstrukcji.com\/wp-content\/uploads\/2025\/05\/zdjecie-stopniowanie-szablonow-odziezowych.png",18,12,false]},"rttpg_author":{"display_name":"admin-6hqvsfuH","author_link":"https:\/\/studiokonstrukcji.com\/en\/author\/admin-6hqvsfuh\/"},"rttpg_comment":0,"rttpg_category":null,"rttpg_excerpt":"Stopniowanie szablon\u00f3w odzie\u017cowych Po zatwierdzeniu ostatecznej formy modelu wykonuj\u0119 stopniowanie rozmiar\u00f3w. Stopniowanie odzie\u017cy to tworzenie dodatkowych rozmiar\u00f3w danego ubrania. Wykonuj\u0119 je zar\u00f3wno na podstawie standardowych, jak i indywidualnie opracowanych tabel rozmiar\u00f3w. Dzi\u0119ki wieloletniemu do\u015bwiadczeniu stopniuj\u0119 rozmiary tak, aby ubrania by\u0142y dopasowane do ka\u017cdego typu sylwetki, co jest bardzo istotne przy ubraniach r\u00f3\u017cnego rodzaju np. dzieci\u0119cych.&hellip;","_links":{"self":[{"href":"https:\/\/studiokonstrukcji.com\/en\/wp-json\/wp\/v2\/pages\/1733","targetHints":{"allow":["GET"]}}],"collection":[{"href":"https:\/\/studiokonstrukcji.com\/en\/wp-json\/wp\/v2\/pages"}],"about":[{"href":"https:\/\/studiokonstrukcji.com\/en\/wp-json\/wp\/v2\/types\/page"}],"author":[{"embeddable":true,"href":"https:\/\/studiokonstrukcji.com\/en\/wp-json\/wp\/v2\/users\/1"}],"replies":[{"embeddable":true,"href":"https:\/\/studiokonstrukcji.com\/en\/wp-json\/wp\/v2\/comments?post=1733"}],"version-history":[{"count":52,"href":"https:\/\/studiokonstrukcji.com\/en\/wp-json\/wp\/v2\/pages\/1733\/revisions"}],"predecessor-version":[{"id":3148,"href":"https:\/\/studiokonstrukcji.com\/en\/wp-json\/wp\/v2\/pages\/1733\/revisions\/3148"}],"wp:featuredmedia":[{"embeddable":true,"href":"https:\/\/studiokonstrukcji.com\/en\/wp-json\/wp\/v2\/media\/1956"}],"wp:attachment":[{"href":"https:\/\/studiokonstrukcji.com\/en\/wp-json\/wp\/v2\/media?parent=1733"}],"curies":[{"name":"wp","href":"https:\/\/api.w.org\/{rel}","templated":true}]}}